{"id":1216,"date":"2024-07-09T10:12:24","date_gmt":"2024-07-09T15:12:24","guid":{"rendered":"https:\/\/ucentral.org\/informativo\/?page_id=1216"},"modified":"2024-07-12T10:15:03","modified_gmt":"2024-07-12T15:15:03","slug":"facultad-de-ciencias","status":"publish","type":"page","link":"https:\/\/ucentral.org\/informativo\/index.php\/facultad-de-ciencias\/","title":{"rendered":"Facultad de Ciencias"},"content":{"rendered":"\n<p>Es una unidad acad\u00e9mica creada mediante Resoluci\u00f3n del Honorable Consejo Universitario reunido en sesi\u00f3n ordinaria de 9 de abril de 2019, en la cual se resolvi\u00f3 ratificar la aprobaci\u00f3n del proyecto de creaci\u00f3n de la Facultad de Ciencias de la Universidad Central del Ecuador, resoluci\u00f3n notificada con Oficio RHCU.SO.11 No. 00110-2019.<\/p>\n\n\n\n<p><strong>Misi\u00f3n<\/strong><br>Formar profesionales en las \u00e1reas de las ciencias exactas, naturales y aplicadas, con una s\u00f3lida formaci\u00f3n \u00e9tica y human\u00edstica, capaces de contribuir al desarrollo sostenible de la sociedad, mediante la generaci\u00f3n, aplicaci\u00f3n y transferencia de conocimientos cient\u00edficos y tecnol\u00f3gicos de vanguardia.<br><strong>Visi\u00f3n<\/strong><br>Ser una Facultad l\u00edder en la formaci\u00f3n de profesionales en las \u00e1reas de las ciencias exactas, naturales y aplicadas, reconocida por su excelencia acad\u00e9mica, su compromiso con el desarrollo sostenible y su impacto en la sociedad, a nivel nacional e internacional.<br><strong>Objetivo General<\/strong><br>Formar profesionales en las \u00e1reas de las ciencias exactas, naturales y aplicadas, con excelencia acad\u00e9mica capaces de contribuir al desarrollo sostenible de la sociedad, mediante la generaci\u00f3n, aplicaci\u00f3n y transferencia de conocimientos cient\u00edficos y tecnol\u00f3gicos de vanguardia.<br><strong>Objetivos Espec\u00edficos<\/strong><\/p>\n\n\n\n<ol class=\"wp-block-list\">\n<li>Preparar profesionales con s\u00f3lidos conocimientos en las \u00e1reas de las ciencias exactas, naturales y aplicadas.<\/li>\n\n\n\n<li>Formar estudiantes con una s\u00f3lida formaci\u00f3n \u00e9tica y human\u00edstica, capaces de contribuir al desarrollo sostenible de la sociedad.<\/li>\n\n\n\n<li>Generar, aplicar y transferir conocimientos cient\u00edficos y tecnol\u00f3gicos de vanguardia, que contribuyan a la soluci\u00f3n de problemas relevantes para el desarrollo sostenible.<\/li>\n\n\n\n<li>Fomentar la investigaci\u00f3n cient\u00edfica y tecnol\u00f3gica en las \u00e1reas de las ciencias exactas, naturales y aplicadas, con un enfoque en el desarrollo sostenible.<\/li>\n\n\n\n<li>Promover la colaboraci\u00f3n y el trabajo interdisciplinario entre las diferentes \u00e1reas de las ciencias exactas, naturales y aplicadas, para abordar los desaf\u00edos del desarrollo sostenible.<\/li>\n\n\n\n<li>Fortalecer la vinculaci\u00f3n con el sector productivo, el sector p\u00fablico y la sociedad, para contribuir al desarrollo sostenible de la regi\u00f3n y el pa\u00eds.<\/li>\n\n\n\n<li>Contribuir a la formaci\u00f3n de una ciudadan\u00eda comprometida con el desarrollo sostenible, mediante la difusi\u00f3n y promoci\u00f3n de los objetivos de desarrollo en la comunidad universitaria y en la sociedad en general.<\/li>\n<\/ol>\n\n\n\n<p><strong>Documento<\/strong>:<\/p>\n\n\n\n<div data-wp-interactive=\"core\/file\" class=\"wp-block-file\"><object data-wp-bind--hidden=\"!state.hasPdfPreview\" hidden class=\"wp-block-file__embed\" data=\"https:\/\/ucentral.org\/informativo\/wp-content\/uploads\/2024\/07\/00.-Mision-Vision-Objetivos-FC-signed.pdf\" type=\"application\/pdf\" style=\"width:100%;height:600px\" aria-label=\"Incrustado de ..\"><\/object><a id=\"wp-block-file--media-bf24bc83-2a03-4385-9aab-f7dd76661be7\" href=\"https:\/\/ucentral.org\/informativo\/wp-content\/uploads\/2024\/07\/00.-Mision-Vision-Objetivos-FC-signed.pdf\">.<\/a><\/div>\n","protected":false},"excerpt":{"rendered":"<p>Es una unidad acad\u00e9mica creada mediante Resoluci\u00f3n del Honorable Consejo Universitario reunido en sesi\u00f3n ordinaria de 9 de abril de 2019, en la cual se resolvi\u00f3 ratificar la aprobaci\u00f3n del proyecto de creaci\u00f3n de la Facultad de Ciencias de la Universidad Central del Ecuador, resoluci\u00f3n notificada con Oficio RHCU.SO.11 No. 00110-2019. Misi\u00f3nFormar profesionales en las [&hellip;]<\/p>\n","protected":false},"author":2,"featured_media":0,"parent":0,"menu_order":0,"comment_status":"closed","ping_status":"closed","template":"","meta":{"footnotes":""},"class_list":["post-1216","page","type-page","status-publish","hentry"],"_links":{"self":[{"href":"https:\/\/ucentral.org\/informativo\/index.php\/wp-json\/wp\/v2\/pages\/1216","targetHints":{"allow":["GET"]}}],"collection":[{"href":"https:\/\/ucentral.org\/informativo\/index.php\/wp-json\/wp\/v2\/pages"}],"about":[{"href":"https:\/\/ucentral.org\/informativo\/index.php\/wp-json\/wp\/v2\/types\/page"}],"author":[{"embeddable":true,"href":"https:\/\/ucentral.org\/informativo\/index.php\/wp-json\/wp\/v2\/users\/2"}],"replies":[{"embeddable":true,"href":"https:\/\/ucentral.org\/informativo\/index.php\/wp-json\/wp\/v2\/comments?post=1216"}],"version-history":[{"count":9,"href":"https:\/\/ucentral.org\/informativo\/index.php\/wp-json\/wp\/v2\/pages\/1216\/revisions"}],"predecessor-version":[{"id":1275,"href":"https:\/\/ucentral.org\/informativo\/index.php\/wp-json\/wp\/v2\/pages\/1216\/revisions\/1275"}],"wp:attachment":[{"href":"https:\/\/ucentral.org\/informativo\/index.php\/wp-json\/wp\/v2\/media?parent=1216"}],"curies":[{"name":"wp","href":"https:\/\/api.w.org\/{rel}","templated":true}]}}