{"id":1283,"date":"2024-07-22T14:38:38","date_gmt":"2024-07-22T19:38:38","guid":{"rendered":"https:\/\/ucentral.org\/informativo\/?page_id=1283"},"modified":"2024-07-22T14:39:09","modified_gmt":"2024-07-22T19:39:09","slug":"formatos-para-tramites","status":"publish","type":"page","link":"https:\/\/ucentral.org\/informativo\/index.php\/facultad-de-ciencias\/formatos-para-tramites\/","title":{"rendered":"Formatos para tr\u00e1mites"},"content":{"rendered":"\n<p><strong>TRAMITES PREGRADO <\/strong><\/p>\n\n\n\n<figure class=\"wp-block-table is-style-stripes\"><table><tbody><tr><td><strong>No.<\/strong><\/td><td><strong>Tr\u00e1mite<\/strong><\/td><td><strong>Formato<\/strong><\/td><td><strong>Obs.<\/strong><\/td><\/tr><tr><td>1<\/td><td>SOLICITUD DE PRIMERA MATR\u00cdCULA EN NIVELACI\u00d3N DE CARRERA<\/td><td><a href=\"https:\/\/ucentral.org\/informativo\/wp-content\/uploads\/2024\/07\/01-FORMATO_SOL_1MATRICULA.docx\" target=\"_blank\" rel=\"noreferrer noopener\">01-FORMATO_SOL_1MATRICULA<\/a><\/td><td><\/td><\/tr><tr><td>2<\/td><td>SOLICITUD DE RETIRO DEFINITIVO DE NIVELACI\u00d3N DE CARRERA<\/td><td><a href=\"https:\/\/ucentral.org\/informativo\/wp-content\/uploads\/2024\/07\/02-FORMATO_SOL_RETIRODEF.docx\" target=\"_blank\" rel=\"noreferrer noopener\">02-FORMATO_SOL_RETIRODEF<\/a><\/td><td><\/td><\/tr><tr><td>3<\/td><td>SOLICITUD DE RETIRO PARCIAL DE NIVELACI\u00d3N<\/td><td><a href=\"https:\/\/ucentral.org\/informativo\/wp-content\/uploads\/2024\/07\/03-FORMATO_SOL_RETIRO_PAR.docx\">03-FORMATO_SOL_RETIRO_PAR<\/a><\/td><td><\/td><\/tr><tr><td>4<\/td><td>SOLICITUD DE CERTIFICACI\u00d3N<\/td><td><a href=\"https:\/\/ucentral.org\/informativo\/wp-content\/uploads\/2024\/07\/04-FORMATO_SOL_CERTIFICACION.docx\">04-FORMATO_SOL_CERTIFICACION<\/a><\/td><td><\/td><\/tr><\/tbody><\/table><figcaption class=\"wp-element-caption\">Formatos para tr\u00e1mites Acad\u00e9micos de Pregrado de la Facultad de Ciencias<\/figcaption><\/figure>\n\n\n\n<p><\/p>\n\n\n\n<p><strong><strong>TRAMITES POSGRADO <\/strong><\/strong><\/p>\n\n\n\n<figure class=\"wp-block-table is-style-stripes\"><table><tbody><tr><td><strong>No.<\/strong><\/td><td><strong>Tr\u00e1mite<\/strong><\/td><td><strong>Formato<\/strong><\/td><td><strong>Obs.<\/strong><\/td><\/tr><tr><td>1<\/td><td>SOLICITUD DE PRIMERA MATR\u00cdCULA EN NIVELACI\u00d3N DE CARRERA<\/td><td><a href=\"https:\/\/ucentral.org\/informativo\/wp-content\/uploads\/2024\/07\/01-FORMATO_SOL_1MATRICULA.docx\" target=\"_blank\" rel=\"noreferrer noopener\">01-FORMATO_SOL_1MATRICULA<\/a><\/td><td><\/td><\/tr><tr><td>2<\/td><td>SOLICITUD DE RETIRO DEFINITIVO DE NIVELACI\u00d3N DE CARRERA<\/td><td><a href=\"https:\/\/ucentral.org\/informativo\/wp-content\/uploads\/2024\/07\/02-FORMATO_SOL_RETIRODEF.docx\" target=\"_blank\" rel=\"noreferrer noopener\">02-FORMATO_SOL_RETIRODEF<\/a><\/td><td><\/td><\/tr><tr><td>3<\/td><td>SOLICITUD DE RETIRO PARCIAL DE NIVELACI\u00d3N<\/td><td><a href=\"https:\/\/ucentral.org\/informativo\/wp-content\/uploads\/2024\/07\/03-FORMATO_SOL_RETIRO_PAR.docx\">03-FORMATO_SOL_RETIRO_PAR<\/a><\/td><td><\/td><\/tr><tr><td>4<\/td><td>SOLICITUD DE CERTIFICACI\u00d3N<\/td><td><a href=\"https:\/\/ucentral.org\/informativo\/wp-content\/uploads\/2024\/07\/04-FORMATO_SOL_CERTIFICACION.docx\">04-FORMATO_SOL_CERTIFICACION<\/a><\/td><td><\/td><\/tr><\/tbody><\/table><figcaption class=\"wp-element-caption\">Formatos para tr\u00e1mites Acad\u00e9micos de Posgrado de la Facultad de Ciencias<\/figcaption><\/figure>\n\n\n\n<p><\/p>\n\n\n\n<p><strong>TRAMITES FINANCIEROS<\/strong><\/p>\n\n\n\n<figure class=\"wp-block-table is-style-stripes\"><table><tbody><tr><td><strong>No.<\/strong><\/td><td><strong>Tr\u00e1mite<\/strong><\/td><td><strong>Formato<\/strong><\/td><td><strong>Obs.<\/strong><\/td><\/tr><tr><td>1<\/td><td>SOLICITUD DE PRIMERA MATR\u00cdCULA EN NIVELACI\u00d3N DE CARRERA<\/td><td><a href=\"https:\/\/ucentral.org\/informativo\/wp-content\/uploads\/2024\/07\/01-FORMATO_SOL_1MATRICULA.docx\" target=\"_blank\" rel=\"noreferrer noopener\">01-FORMATO_SOL_1MATRICULA<\/a><\/td><td><\/td><\/tr><tr><td>2<\/td><td>SOLICITUD DE RETIRO DEFINITIVO DE NIVELACI\u00d3N DE CARRERA<\/td><td><a href=\"https:\/\/ucentral.org\/informativo\/wp-content\/uploads\/2024\/07\/02-FORMATO_SOL_RETIRODEF.docx\" target=\"_blank\" rel=\"noreferrer noopener\">02-FORMATO_SOL_RETIRODEF<\/a><\/td><td><\/td><\/tr><tr><td>3<\/td><td>SOLICITUD DE RETIRO PARCIAL DE NIVELACI\u00d3N<\/td><td><a href=\"https:\/\/ucentral.org\/informativo\/wp-content\/uploads\/2024\/07\/03-FORMATO_SOL_RETIRO_PAR.docx\">03-FORMATO_SOL_RETIRO_PAR<\/a><\/td><td><\/td><\/tr><tr><td>4<\/td><td>SOLICITUD DE CERTIFICACI\u00d3N<\/td><td><a href=\"https:\/\/ucentral.org\/informativo\/wp-content\/uploads\/2024\/07\/04-FORMATO_SOL_CERTIFICACION.docx\">04-FORMATO_SOL_CERTIFICACION<\/a><\/td><td><\/td><\/tr><\/tbody><\/table><figcaption class=\"wp-element-caption\">Formatos para tr\u00e1mites Financieros de Pregrado y Posgrado de la Facultad de Ciencias<\/figcaption><\/figure>\n\n\n\n<p><\/p>\n\n\n\n<p><\/p>\n\n\n\n<p><strong>TRAMITES VINCULACION<\/strong><\/p>\n\n\n\n<figure class=\"wp-block-table is-style-stripes\"><table><tbody><tr><td><strong>No.<\/strong><\/td><td><strong>Tr\u00e1mite<\/strong><\/td><td><strong>Formato<\/strong><\/td><td><strong>Obs.<\/strong><\/td><\/tr><tr><td>1<\/td><td>SOLICITUD DE PRIMERA MATR\u00cdCULA EN NIVELACI\u00d3N DE CARRERA<\/td><td><a href=\"https:\/\/ucentral.org\/informativo\/wp-content\/uploads\/2024\/07\/01-FORMATO_SOL_1MATRICULA.docx\" target=\"_blank\" rel=\"noreferrer noopener\">01-FORMATO_SOL_1MATRICULA<\/a><\/td><td><\/td><\/tr><tr><td>2<\/td><td>SOLICITUD DE RETIRO DEFINITIVO DE NIVELACI\u00d3N DE CARRERA<\/td><td><a href=\"https:\/\/ucentral.org\/informativo\/wp-content\/uploads\/2024\/07\/02-FORMATO_SOL_RETIRODEF.docx\" target=\"_blank\" rel=\"noreferrer noopener\">02-FORMATO_SOL_RETIRODEF<\/a><\/td><td><\/td><\/tr><tr><td>3<\/td><td>SOLICITUD DE RETIRO PARCIAL DE NIVELACI\u00d3N<\/td><td><a href=\"https:\/\/ucentral.org\/informativo\/wp-content\/uploads\/2024\/07\/03-FORMATO_SOL_RETIRO_PAR.docx\">03-FORMATO_SOL_RETIRO_PAR<\/a><\/td><td><\/td><\/tr><tr><td>4<\/td><td>SOLICITUD DE CERTIFICACI\u00d3N<\/td><td><a href=\"https:\/\/ucentral.org\/informativo\/wp-content\/uploads\/2024\/07\/04-FORMATO_SOL_CERTIFICACION.docx\">04-FORMATO_SOL_CERTIFICACION<\/a><\/td><td><\/td><\/tr><\/tbody><\/table><figcaption class=\"wp-element-caption\">Formatos para tr\u00e1mites de Vinculaci\u00f3n de la Facultad de Ciencias<\/figcaption><\/figure>\n\n\n\n<p><\/p>\n\n\n\n<p><\/p>\n\n\n\n<p><strong>TRAMITES PRACTICAS PREPROFESIONALES<\/strong><\/p>\n\n\n\n<figure class=\"wp-block-table is-style-stripes\"><table><tbody><tr><td><strong>No.<\/strong><\/td><td><strong>Tr\u00e1mite<\/strong><\/td><td><strong>Formato<\/strong><\/td><td><strong>Obs.<\/strong><\/td><\/tr><tr><td>1<\/td><td>SOLICITUD DE PRIMERA MATR\u00cdCULA EN NIVELACI\u00d3N DE CARRERA<\/td><td><a href=\"https:\/\/ucentral.org\/informativo\/wp-content\/uploads\/2024\/07\/01-FORMATO_SOL_1MATRICULA.docx\" target=\"_blank\" rel=\"noreferrer noopener\">01-FORMATO_SOL_1MATRICULA<\/a><\/td><td><\/td><\/tr><tr><td>2<\/td><td>SOLICITUD DE RETIRO DEFINITIVO DE NIVELACI\u00d3N DE CARRERA<\/td><td><a href=\"https:\/\/ucentral.org\/informativo\/wp-content\/uploads\/2024\/07\/02-FORMATO_SOL_RETIRODEF.docx\" target=\"_blank\" rel=\"noreferrer noopener\">02-FORMATO_SOL_RETIRODEF<\/a><\/td><td><\/td><\/tr><tr><td>3<\/td><td>SOLICITUD DE RETIRO PARCIAL DE NIVELACI\u00d3N<\/td><td><a href=\"https:\/\/ucentral.org\/informativo\/wp-content\/uploads\/2024\/07\/03-FORMATO_SOL_RETIRO_PAR.docx\">03-FORMATO_SOL_RETIRO_PAR<\/a><\/td><td><\/td><\/tr><tr><td>4<\/td><td>SOLICITUD DE CERTIFICACI\u00d3N<\/td><td><a href=\"https:\/\/ucentral.org\/informativo\/wp-content\/uploads\/2024\/07\/04-FORMATO_SOL_CERTIFICACION.docx\">04-FORMATO_SOL_CERTIFICACION<\/a><\/td><td><\/td><\/tr><\/tbody><\/table><figcaption class=\"wp-element-caption\">Formatos para tr\u00e1mites de Pr\u00e1cticas Preprofesionales de la Facultad de Ciencias<\/figcaption><\/figure>\n\n\n\n<p><\/p>\n\n\n\n<p><strong>NIVELACION<\/strong><\/p>\n\n\n\n<figure class=\"wp-block-table is-style-stripes\"><table><tbody><tr><td><strong>No.<\/strong><\/td><td><strong>Tr\u00e1mite<\/strong><\/td><td><strong>Formato<\/strong><\/td><td><strong>Obs.<\/strong><\/td><\/tr><tr><td>1<\/td><td>SOLICITUD DE PRIMERA MATR\u00cdCULA EN NIVELACI\u00d3N DE CARRERA<\/td><td><a href=\"https:\/\/ucentral.org\/informativo\/wp-content\/uploads\/2024\/07\/01-FORMATO_SOL_1MATRICULA.docx\" target=\"_blank\" rel=\"noreferrer noopener\">01-FORMATO_SOL_1MATRICULA<\/a><\/td><td><\/td><\/tr><tr><td>2<\/td><td>SOLICITUD DE RETIRO DEFINITIVO DE NIVELACI\u00d3N DE CARRERA<\/td><td><a href=\"https:\/\/ucentral.org\/informativo\/wp-content\/uploads\/2024\/07\/02-FORMATO_SOL_RETIRODEF.docx\" target=\"_blank\" rel=\"noreferrer noopener\">02-FORMATO_SOL_RETIRODEF<\/a><\/td><td><\/td><\/tr><tr><td>3<\/td><td>SOLICITUD DE RETIRO PARCIAL DE NIVELACI\u00d3N<\/td><td><a href=\"https:\/\/ucentral.org\/informativo\/wp-content\/uploads\/2024\/07\/03-FORMATO_SOL_RETIRO_PAR.docx\">03-FORMATO_SOL_RETIRO_PAR<\/a><\/td><td><\/td><\/tr><tr><td>4<\/td><td>SOLICITUD DE CERTIFICACI\u00d3N<\/td><td><a href=\"https:\/\/ucentral.org\/informativo\/wp-content\/uploads\/2024\/07\/04-FORMATO_SOL_CERTIFICACION.docx\">04-FORMATO_SOL_CERTIFICACION<\/a><\/td><td><\/td><\/tr><\/tbody><\/table><figcaption class=\"wp-element-caption\">Formatos para tr\u00e1mites Curso de Nivelaci\u00f3n<\/figcaption><\/figure>\n\n\n\n<p><\/p>\n","protected":false},"excerpt":{"rendered":"<p>TRAMITES PREGRADO No. Tr\u00e1mite Formato Obs. 1 SOLICITUD DE PRIMERA MATR\u00cdCULA EN NIVELACI\u00d3N DE CARRERA 01-FORMATO_SOL_1MATRICULA 2 SOLICITUD DE RETIRO DEFINITIVO DE NIVELACI\u00d3N DE CARRERA 02-FORMATO_SOL_RETIRODEF 3 SOLICITUD DE RETIRO PARCIAL DE NIVELACI\u00d3N 03-FORMATO_SOL_RETIRO_PAR 4 SOLICITUD DE CERTIFICACI\u00d3N 04-FORMATO_SOL_CERTIFICACION Formatos para tr\u00e1mites Acad\u00e9micos de Pregrado de la Facultad de Ciencias TRAMITES POSGRADO No. Tr\u00e1mite Formato [&hellip;]<\/p>\n","protected":false},"author":2,"featured_media":0,"parent":1216,"menu_order":1,"comment_status":"closed","ping_status":"closed","template":"","meta":{"footnotes":""},"class_list":["post-1283","page","type-page","status-publish","hentry"],"_links":{"self":[{"href":"https:\/\/ucentral.org\/informativo\/index.php\/wp-json\/wp\/v2\/pages\/1283","targetHints":{"allow":["GET"]}}],"collection":[{"href":"https:\/\/ucentral.org\/informativo\/index.php\/wp-json\/wp\/v2\/pages"}],"about":[{"href":"https:\/\/ucentral.org\/informativo\/index.php\/wp-json\/wp\/v2\/types\/page"}],"author":[{"embeddable":true,"href":"https:\/\/ucentral.org\/informativo\/index.php\/wp-json\/wp\/v2\/users\/2"}],"replies":[{"embeddable":true,"href":"https:\/\/ucentral.org\/informativo\/index.php\/wp-json\/wp\/v2\/comments?post=1283"}],"version-history":[{"count":2,"href":"https:\/\/ucentral.org\/informativo\/index.php\/wp-json\/wp\/v2\/pages\/1283\/revisions"}],"predecessor-version":[{"id":1308,"href":"https:\/\/ucentral.org\/informativo\/index.php\/wp-json\/wp\/v2\/pages\/1283\/revisions\/1308"}],"up":[{"embeddable":true,"href":"https:\/\/ucentral.org\/informativo\/index.php\/wp-json\/wp\/v2\/pages\/1216"}],"wp:attachment":[{"href":"https:\/\/ucentral.org\/informativo\/index.php\/wp-json\/wp\/v2\/media?parent=1283"}],"curies":[{"name":"wp","href":"https:\/\/api.w.org\/{rel}","templated":true}]}}