{"id":1293,"date":"2024-07-22T11:44:13","date_gmt":"2024-07-22T16:44:13","guid":{"rendered":"https:\/\/ucentral.org\/informativo\/?page_id=1293"},"modified":"2025-02-26T13:27:31","modified_gmt":"2025-02-26T18:27:31","slug":"inscribete-para-postular-a-practicas-preprofesionales","status":"publish","type":"page","link":"https:\/\/ucentral.org\/informativo\/index.php\/facultad-de-ciencias\/inscribete-para-postular-a-practicas-preprofesionales\/","title":{"rendered":"Pr\u00e1cticas Preprofesionales"},"content":{"rendered":"\n<p class=\"has-text-align-center has-large-font-size\"><strong> Convocatoria Ciclo Acad\u00e9mico 2025-2025<\/strong><\/p>\n\n\n\n<p class=\"has-text-align-center has-vivid-cyan-blue-color has-text-color has-link-color has-large-font-size wp-elements-1f5e0a7afac8cbeb225324433bbe1b01\"><strong>\u00a1Inscr\u00edbete para postular a pr\u00e1cticas preprofesionales!<\/strong><\/p>\n\n\n\n<figure class=\"wp-block-image size-full\"><img loading=\"lazy\" decoding=\"async\" width=\"681\" height=\"288\" src=\"https:\/\/ucentral.org\/informativo\/wp-content\/uploads\/2025\/02\/ppp01.png\" alt=\"\" class=\"wp-image-1756\" srcset=\"https:\/\/ucentral.org\/informativo\/wp-content\/uploads\/2025\/02\/ppp01.png 681w, https:\/\/ucentral.org\/informativo\/wp-content\/uploads\/2025\/02\/ppp01-300x127.png 300w\" sizes=\"auto, (max-width: 681px) 100vw, 681px\" \/><\/figure>\n\n\n\n<p><\/p>\n\n\n\n<p>La Facultad de Ciencias de la Universidad Central del Ecuador, a trav\u00e9s de la Carrera de Matem\u00e1ticas, convoca a los estudiantes de 8.\u00ba y 10.\u00ba semestre a inscribirse en el programa de Pr\u00e1cticas Preprofesionales, conforme lo establecido en la malla curricular y de acuerdo a los requerimientos de las instituciones y empresas que mantienen convenio de cooperaci\u00f3n con la Universidad Central del Ecuador, as\u00ed como con la Facultad de Ciencias.<\/p>\n\n\n\n<p>La Facultad de Ciencias te invita a postular para realizar pr\u00e1cticas preprofesionales, a trav\u00e9s, del formulario \u00fanico de postulaci\u00f3n.<\/p>\n\n\n\n<p><strong>Requisitos:<\/strong><\/p>\n\n\n\n<ul class=\"wp-block-list\">\n<li>Ser estudiante activo de la carrera de Matem\u00e1tica<\/li>\n\n\n\n<li>Cursar niveles: de 8vo y 10mo nivel<\/li>\n<\/ul>\n\n\n\n<p><strong>Proceso de postulaci\u00f3n:<\/strong><\/p>\n\n\n\n<ol class=\"wp-block-list\">\n<li>Ingresa al formulario \u00fanico de inscripci\u00f3n en el siguiente enlace: <a href=\"https:\/\/forms.office.com\/r\/JfJ3pg5fvW?origin=lprLink\" target=\"_blank\" rel=\"noreferrer noopener\">aqu\u00ed<\/a><\/li>\n\n\n\n<li>Completa el formulario con tus datos personales, acad\u00e9micos y de contacto.<\/li>\n\n\n\n<li>Adjunta los documentos requeridos en el formulario (curr\u00edculum).<\/li>\n<\/ol>\n\n\n\n<p><strong>Recepci\u00f3n de inscripciones:<\/strong> del 24 de febrero 2025 al 03 de marzo de 2025<\/p>\n\n\n\n<p><strong>Informaci\u00f3n adicional:<\/strong><\/p>\n\n\n\n<p>Las <strong><em>Pr\u00e1cticas Preprofesionales<\/em><\/strong>, tienen como objetivo fortalecer la formaci\u00f3n acad\u00e9mica mediante la aplicaci\u00f3n de conocimientos en entornos laborales, contribuyendo al desarrollo profesional de los estudiantes.<\/p>\n\n\n\n<p>Los estudiantes deben cumplir con las pr\u00e1cticas preprofesionales, como uno de los requisitos principales para el tr\u00e1mite de titulaci\u00f3n de la carrera.<\/p>\n\n\n\n<p>Para m\u00e1s informaci\u00f3n, los interesados pueden acercarse a la <strong><em>Coordinaci\u00f3n de la Carrera<\/em><\/strong> o escribir a los correos electr\u00f3nicos: <a href=\"mailto:mdmontenegroc@uce.edu.ec\" target=\"_blank\" rel=\"noreferrer noopener\">mdmontenegroc@uce.edu.ec<\/a><\/p>\n\n\n\n<p class=\"has-text-align-center\"><strong>Atentamente,<\/strong><br><br><strong>Coordinaci\u00f3n de Vinculaci\u00f3n\/ Practicas preprofesionales- Carrera de Matem\u00e1ticas<\/strong><br><strong>Facultad de Ciencias &#8211; Universidad Central del Ecuador<\/strong><\/p>\n\n\n\n<p class=\"has-text-align-center\"><strong>\u00a1Inscr\u00edbete para postular a pr\u00e1cticas preprofesionales!<\/strong><\/p>\n\n\n\n<p><em>Para m\u00e1s informaci\u00f3n, comun\u00edcate con la coordinaci\u00f3n de pr\u00e1cticas preprofesionales de la Facultad de Ciencias: Dra. Miriam Montenegro<\/em><\/p>\n\n\n\n<p class=\"has-vivid-green-cyan-color has-text-color has-link-color has-large-font-size wp-elements-2bd73e2d3a0857ea55b3856c236c3c97\"><strong><a href=\"https:\/\/forms.office.com\/r\/JfJ3pg5fvW?origin=lprLink\" target=\"_blank\" rel=\"noreferrer noopener\">Formulario de postulaci\u00f3n a <strong>Pr\u00e1cticas Preprofesionales<\/strong>:<\/a><\/strong><\/p>\n\n\n\n<iframe loading=\"lazy\" width=\"800px\" height=\"1600px\" src=\"https:\/\/forms.office.com\/r\/JfJ3pg5fvW?origin=lprLink?embed=true\" frameborder=\"0\" marginwidth=\"0\" marginheight=\"0\" style=\"border: none; max-width:100%; max-height:100vh\" allowfullscreen webkitallowfullscreen mozallowfullscreen msallowfullscreen> <\/iframe>\n\n\n\n<div data-wp-interactive=\"core\/file\" class=\"wp-block-file\"><object data-wp-bind--hidden=\"!state.hasPdfPreview\" hidden class=\"wp-block-file__embed\" data=\"https:\/\/ucentral.org\/informativo\/wp-content\/uploads\/2025\/02\/00.ConvocatoriaPPP-VS-2025-2025-FCiencias.pdf\" type=\"application\/pdf\" style=\"width:100%;height:600px\" aria-label=\"Incrustado de 00.ConvocatoriaPPP-VS-2025-2025-FCiencias.\"><\/object><a id=\"wp-block-file--media-006fb3bf-cac7-4080-9937-83ddf4442f14\" href=\"https:\/\/ucentral.org\/informativo\/wp-content\/uploads\/2025\/02\/00.ConvocatoriaPPP-VS-2025-2025-FCiencias.pdf\">00.ConvocatoriaPPP-VS-2025-2025-FCiencias<\/a><a href=\"https:\/\/ucentral.org\/informativo\/wp-content\/uploads\/2025\/02\/00.ConvocatoriaPPP-VS-2025-2025-FCiencias.pdf\" class=\"wp-block-file__button wp-element-button\" download aria-describedby=\"wp-block-file--media-006fb3bf-cac7-4080-9937-83ddf4442f14\">Descargar<\/a><\/div>\n","protected":false},"excerpt":{"rendered":"<p>Convocatoria Ciclo Acad\u00e9mico 2025-2025 \u00a1Inscr\u00edbete para postular a pr\u00e1cticas preprofesionales! La Facultad de Ciencias de la Universidad Central del Ecuador, a trav\u00e9s de la Carrera de Matem\u00e1ticas, convoca a los estudiantes de 8.\u00ba y 10.\u00ba semestre a inscribirse en el programa de Pr\u00e1cticas Preprofesionales, conforme lo establecido en la malla curricular y de acuerdo a [&hellip;]<\/p>\n","protected":false},"author":2,"featured_media":1296,"parent":1216,"menu_order":0,"comment_status":"closed","ping_status":"closed","template":"","meta":{"footnotes":""},"class_list":["post-1293","page","type-page","status-publish","has-post-thumbnail","hentry"],"_links":{"self":[{"href":"https:\/\/ucentral.org\/informativo\/index.php\/wp-json\/wp\/v2\/pages\/1293","targetHints":{"allow":["GET"]}}],"collection":[{"href":"https:\/\/ucentral.org\/informativo\/index.php\/wp-json\/wp\/v2\/pages"}],"about":[{"href":"https:\/\/ucentral.org\/informativo\/index.php\/wp-json\/wp\/v2\/types\/page"}],"author":[{"embeddable":true,"href":"https:\/\/ucentral.org\/informativo\/index.php\/wp-json\/wp\/v2\/users\/2"}],"replies":[{"embeddable":true,"href":"https:\/\/ucentral.org\/informativo\/index.php\/wp-json\/wp\/v2\/comments?post=1293"}],"version-history":[{"count":15,"href":"https:\/\/ucentral.org\/informativo\/index.php\/wp-json\/wp\/v2\/pages\/1293\/revisions"}],"predecessor-version":[{"id":1796,"href":"https:\/\/ucentral.org\/informativo\/index.php\/wp-json\/wp\/v2\/pages\/1293\/revisions\/1796"}],"up":[{"embeddable":true,"href":"https:\/\/ucentral.org\/informativo\/index.php\/wp-json\/wp\/v2\/pages\/1216"}],"wp:featuredmedia":[{"embeddable":true,"href":"https:\/\/ucentral.org\/informativo\/index.php\/wp-json\/wp\/v2\/media\/1296"}],"wp:attachment":[{"href":"https:\/\/ucentral.org\/informativo\/index.php\/wp-json\/wp\/v2\/media?parent=1293"}],"curies":[{"name":"wp","href":"https:\/\/api.w.org\/{rel}","templated":true}]}}