{"id":1473,"date":"2024-10-21T14:15:08","date_gmt":"2024-10-21T19:15:08","guid":{"rendered":"https:\/\/ucentral.org\/informativo\/?page_id=1473"},"modified":"2025-04-01T10:39:52","modified_gmt":"2025-04-01T15:39:52","slug":"i-congreso-internacional-ciencia-central","status":"publish","type":"page","link":"https:\/\/ucentral.org\/informativo\/index.php\/c2\/i-congreso-internacional-ciencia-central\/","title":{"rendered":"I Congreso Internacional Ciencia Central"},"content":{"rendered":"\n<p>\u00a1La Universidad Central del Ecuador te invita al I Congreso Internacional Ciencia Central!<\/p>\n\n\n\n<p>Forma parte de este espacio de di\u00e1logo y aprendizaje, donde <a><\/a>investigadores, docentes y expertos compartir\u00e1n conocimientos en diversas \u00e1reas del saber. <img loading=\"lazy\" decoding=\"async\" height=\"16\" width=\"16\" alt=\"\ud83d\udcda\" src=\"https:\/\/static.xx.fbcdn.net\/images\/emoji.php\/v9\/t49\/1\/16\/1f4da.png\"><\/p>\n\n\n\n<p><img loading=\"lazy\" decoding=\"async\" height=\"16\" width=\"16\" alt=\"\ud83d\udcc5\" src=\"https:\/\/static.xx.fbcdn.net\/images\/emoji.php\/v9\/t7e\/1\/16\/1f4c5.png\"> Fecha: 23 al 25 de abril de 2025<\/p>\n\n\n\n<p><img loading=\"lazy\" decoding=\"async\" height=\"16\" width=\"16\" alt=\"\ud83d\udccd\" src=\"https:\/\/static.xx.fbcdn.net\/images\/emoji.php\/v9\/t2d\/1\/16\/1f4cd.png\"> Modalidad: H\u00edbrida (presencial y virtual)<\/p>\n\n\n\n<p><img loading=\"lazy\" decoding=\"async\" height=\"16\" width=\"16\" alt=\"\ud83c\udfa4\" src=\"https:\/\/static.xx.fbcdn.net\/images\/emoji.php\/v9\/t7e\/1\/16\/1f3a4.png\"> Modalidades de exposici\u00f3n: Conferencias magistrales, ponencias, conversatorios y presentaci\u00f3n de posters<\/p>\n\n\n\n<p>Este congreso es parte de la programaci\u00f3n rumbo al Bicentenario de la UCE, reafirmando nuestro compromiso con la educaci\u00f3n y la ciencia.<\/p>\n\n\n\n<p><img loading=\"lazy\" decoding=\"async\" height=\"16\" width=\"16\" alt=\"\ud83d\udd17\" src=\"https:\/\/static.xx.fbcdn.net\/images\/emoji.php\/v9\/tb3\/1\/16\/1f517.png\"> Inscripciones abiertas: <a href=\"https:\/\/forms.office.com\/r\/uvKV3isy7Z?fbclid=IwZXh0bgNhZW0CMTAAAR3i0WMirNOsgETuQ5jKZqQwPKR2_zYGJralC1WgKPdc67lZuisZktpZAz0_aem_I4j-tIggqAhe76rJZtrJKw\" rel=\"noreferrer noopener\" target=\"_blank\">https:\/\/forms.office.com\/r\/uvKV3isy7Z<\/a><\/p>\n\n\n\n<p><img loading=\"lazy\" decoding=\"async\" height=\"16\" width=\"16\" alt=\"\ud83c\udf0e\" src=\"https:\/\/static.xx.fbcdn.net\/images\/emoji.php\/v9\/tc0\/1\/16\/1f30e.png\"> M\u00e1s informaci\u00f3n en: <a href=\"https:\/\/dda.uce.edu.ec\/ciencia_central?fbclid=IwZXh0bgNhZW0CMTAAAR1U5VGPE7c-Y5psnye0biETnPKl7937Mu_6zeW1orxVZQqQkvMvyCxHvZs_aem_TP4x5iR3deLAMpcB5APpUg\" rel=\"noreferrer noopener\" target=\"_blank\">https:\/\/dda.uce.edu.ec\/ciencia_central<\/a><\/p>\n\n\n\n<figure class=\"wp-block-image size-large\"><img loading=\"lazy\" decoding=\"async\" width=\"730\" height=\"1024\" src=\"https:\/\/ucentral.org\/informativo\/wp-content\/uploads\/2025\/04\/PosterEventoCienciaCentral2025FC-730x1024.jpg\" alt=\"\" class=\"wp-image-1827\" srcset=\"https:\/\/ucentral.org\/informativo\/wp-content\/uploads\/2025\/04\/PosterEventoCienciaCentral2025FC-730x1024.jpg 730w, https:\/\/ucentral.org\/informativo\/wp-content\/uploads\/2025\/04\/PosterEventoCienciaCentral2025FC-214x300.jpg 214w, https:\/\/ucentral.org\/informativo\/wp-content\/uploads\/2025\/04\/PosterEventoCienciaCentral2025FC-768x1077.jpg 768w, https:\/\/ucentral.org\/informativo\/wp-content\/uploads\/2025\/04\/PosterEventoCienciaCentral2025FC.jpg 913w\" sizes=\"auto, (max-width: 730px) 100vw, 730px\" \/><\/figure>\n\n\n\n<p><\/p>\n\n\n\n<p>_____________________________________________________________________________________________<\/p>\n\n\n\n<p><a href=\"https:\/\/mail.hostinger.com\/?_task=logout&amp;_token=562A5fzQINFB3iVBTpTe083348CNuu3u\" target=\"_blank\" rel=\"noreferrer noopener\">Email<\/a><\/p>\n","protected":false},"excerpt":{"rendered":"<p>\u00a1La Universidad Central del Ecuador te invita al I Congreso Internacional Ciencia Central! Forma parte de este espacio de di\u00e1logo y aprendizaje, donde investigadores, docentes y expertos compartir\u00e1n conocimientos en diversas \u00e1reas del saber. Fecha: 23 al 25 de abril de 2025 Modalidad: H\u00edbrida (presencial y virtual) Modalidades de exposici\u00f3n: Conferencias magistrales, ponencias, conversatorios y [&hellip;]<\/p>\n","protected":false},"author":2,"featured_media":0,"parent":83,"menu_order":0,"comment_status":"closed","ping_status":"closed","template":"","meta":{"footnotes":""},"class_list":["post-1473","page","type-page","status-publish","hentry"],"_links":{"self":[{"href":"https:\/\/ucentral.org\/informativo\/index.php\/wp-json\/wp\/v2\/pages\/1473","targetHints":{"allow":["GET"]}}],"collection":[{"href":"https:\/\/ucentral.org\/informativo\/index.php\/wp-json\/wp\/v2\/pages"}],"about":[{"href":"https:\/\/ucentral.org\/informativo\/index.php\/wp-json\/wp\/v2\/types\/page"}],"author":[{"embeddable":true,"href":"https:\/\/ucentral.org\/informativo\/index.php\/wp-json\/wp\/v2\/users\/2"}],"replies":[{"embeddable":true,"href":"https:\/\/ucentral.org\/informativo\/index.php\/wp-json\/wp\/v2\/comments?post=1473"}],"version-history":[{"count":2,"href":"https:\/\/ucentral.org\/informativo\/index.php\/wp-json\/wp\/v2\/pages\/1473\/revisions"}],"predecessor-version":[{"id":1829,"href":"https:\/\/ucentral.org\/informativo\/index.php\/wp-json\/wp\/v2\/pages\/1473\/revisions\/1829"}],"up":[{"embeddable":true,"href":"https:\/\/ucentral.org\/informativo\/index.php\/wp-json\/wp\/v2\/pages\/83"}],"wp:attachment":[{"href":"https:\/\/ucentral.org\/informativo\/index.php\/wp-json\/wp\/v2\/media?parent=1473"}],"curies":[{"name":"wp","href":"https:\/\/api.w.org\/{rel}","templated":true}]}}