{"id":1611,"date":"2024-12-05T15:18:14","date_gmt":"2024-12-05T20:18:14","guid":{"rendered":"https:\/\/ucentral.org\/informativo\/?page_id=1611"},"modified":"2026-01-05T18:44:28","modified_gmt":"2026-01-05T23:44:28","slug":"posgrados","status":"publish","type":"page","link":"https:\/\/ucentral.org\/informativo\/index.php\/posgrados\/","title":{"rendered":"Posgrados"},"content":{"rendered":"\n<p><strong>Aqu\u00ed podr\u00e1s encontrar informaci\u00f3n de nuestros programas de posgrados de la Facultad de Ciencias:<\/strong><\/p>\n\n\n\n<p class=\"has-large-font-size\"><a href=\"https:\/\/ucentral.org\/informativo\/index.php\/facultad-de-ciencias\/posgrados\/mmpa\/\" target=\"_blank\" rel=\"noreferrer noopener\">Maestr\u00eda en Matem\u00e1ticas Puras y Aplicadas<\/a><\/p>\n\n\n\n<p class=\"has-large-font-size\"><a href=\"https:\/\/ucentral.org\/informativo\/index.php\/posgrados\/mecdia\/\">Maestr\u00eda en Estad\u00edstica con menci\u00f3n en Ciencia de Datos e Inteligencia Artificial<\/a><\/p>\n\n\n\n<p class=\"has-large-font-size\"><a href=\"https:\/\/ucentral.org\/informativo\/index.php\/posgrados\/miacd\/\">Maestr\u00eda en Inteligencia Artificial y Ciencia de Datos<\/a><\/p>\n\n\n\n<p><strong>Pronto:<\/strong><\/p>\n\n\n\n<p>Maestr\u00eda en Matem\u00e1ticas Actuariales y Riesgo Empresarial<\/p>\n\n\n\n<p><\/p>\n\n\n\n<p>Maestr\u00eda en Telemedicina e IA<\/p>\n\n\n\n<p><\/p>\n","protected":false},"excerpt":{"rendered":"<p>Aqu\u00ed podr\u00e1s encontrar informaci\u00f3n de nuestros programas de posgrados de la Facultad de Ciencias: Maestr\u00eda en Matem\u00e1ticas Puras y Aplicadas Maestr\u00eda en Estad\u00edstica con menci\u00f3n en Ciencia de Datos e Inteligencia Artificial Maestr\u00eda en Inteligencia Artificial y Ciencia de Datos Pronto: Maestr\u00eda en Matem\u00e1ticas Actuariales y Riesgo Empresarial Maestr\u00eda en Telemedicina e IA<\/p>\n","protected":false},"author":2,"featured_media":0,"parent":0,"menu_order":0,"comment_status":"closed","ping_status":"closed","template":"","meta":{"footnotes":""},"class_list":["post-1611","page","type-page","status-publish","hentry"],"_links":{"self":[{"href":"https:\/\/ucentral.org\/informativo\/index.php\/wp-json\/wp\/v2\/pages\/1611","targetHints":{"allow":["GET"]}}],"collection":[{"href":"https:\/\/ucentral.org\/informativo\/index.php\/wp-json\/wp\/v2\/pages"}],"about":[{"href":"https:\/\/ucentral.org\/informativo\/index.php\/wp-json\/wp\/v2\/types\/page"}],"author":[{"embeddable":true,"href":"https:\/\/ucentral.org\/informativo\/index.php\/wp-json\/wp\/v2\/users\/2"}],"replies":[{"embeddable":true,"href":"https:\/\/ucentral.org\/informativo\/index.php\/wp-json\/wp\/v2\/comments?post=1611"}],"version-history":[{"count":7,"href":"https:\/\/ucentral.org\/informativo\/index.php\/wp-json\/wp\/v2\/pages\/1611\/revisions"}],"predecessor-version":[{"id":3899,"href":"https:\/\/ucentral.org\/informativo\/index.php\/wp-json\/wp\/v2\/pages\/1611\/revisions\/3899"}],"wp:attachment":[{"href":"https:\/\/ucentral.org\/informativo\/index.php\/wp-json\/wp\/v2\/media?parent=1611"}],"curies":[{"name":"wp","href":"https:\/\/api.w.org\/{rel}","templated":true}]}}