{"id":1613,"date":"2024-12-05T15:49:33","date_gmt":"2024-12-05T20:49:33","guid":{"rendered":"https:\/\/ucentral.org\/informativo\/?page_id=1613"},"modified":"2025-09-09T13:36:04","modified_gmt":"2025-09-09T18:36:04","slug":"mmpa","status":"publish","type":"page","link":"https:\/\/ucentral.org\/informativo\/index.php\/posgrados\/mmpa\/","title":{"rendered":"Maestr\u00eda en Matem\u00e1ticas Puras y Aplicadas (modalidad: Semipresencial)"},"content":{"rendered":"\n<p class=\"has-medium-font-size\">La <strong>Maestr\u00eda en Matem\u00e1ticas Puras y Aplicadas <\/strong>ofrece formaci\u00f3n rigurosa en teor\u00eda y aplicaciones matem\u00e1ticas, abarcando \u00e1reas como an\u00e1lisis, \u00e1lgebra, geometr\u00eda y m\u00e9todos num\u00e9ricos. Con un enfoque en la investigaci\u00f3n y la resoluci\u00f3n de problemas complejos, permite desarrollar modelos matem\u00e1ticos con impacto en diversas \u00e1reas cient\u00edficas, tecnol\u00f3gicas e industriales. Su enfoque interdisciplinario prepara a los egresados para carreras en investigaci\u00f3n, industria y tecnolog\u00eda, fomentando soluciones innovadoras y el avance matem\u00e1tico.<\/p>\n\n\n\n<p class=\"has-medium-font-size\">La <strong>Facultad de Ciencias de la Universidad Central del Ecuador<\/strong> ofrece un entorno acad\u00e9mico riguroso con profesores altamente capacitados, brindando acceso a herramientas y recursos de vanguardia. Adem\u00e1s, nuestra maestr\u00eda fomenta la colaboraci\u00f3n interdisciplinaria y empresarial, lo que abre puertas a diversas \u00e1reas profesionales.<br>Al finalizar el programa de maestr\u00eda, los graduados contar\u00e1n con un perfil competitivo para enfrentar los retos del mundo acad\u00e9mico, cient\u00edfico y laboral.<\/p>\n\n\n\n<p class=\"has-medium-font-size\"><strong>Formulario de inscripci\u00f3n:<\/strong> <a href=\"https:\/\/docs.google.com\/forms\/d\/e\/1FAIpQLSez1quKWdcfCY7JNN8EFBF7Kvg-slEeX6MxxqTC2cgcJY5_FQ\/viewform?usp=header\" target=\"_blank\" rel=\"noreferrer noopener\">clic aqu\u00ed<\/a><\/p>\n\n\n\n<figure class=\"wp-block-image size-full\"><img loading=\"lazy\" decoding=\"async\" width=\"1050\" height=\"803\" src=\"https:\/\/ucentral.org\/informativo\/wp-content\/uploads\/2025\/09\/MMPA2025-01.jpg\" alt=\"\" class=\"wp-image-2327\" srcset=\"https:\/\/ucentral.org\/informativo\/wp-content\/uploads\/2025\/09\/MMPA2025-01.jpg 1050w, https:\/\/ucentral.org\/informativo\/wp-content\/uploads\/2025\/09\/MMPA2025-01-300x229.jpg 300w, https:\/\/ucentral.org\/informativo\/wp-content\/uploads\/2025\/09\/MMPA2025-01-1024x783.jpg 1024w, https:\/\/ucentral.org\/informativo\/wp-content\/uploads\/2025\/09\/MMPA2025-01-768x587.jpg 768w\" sizes=\"auto, (max-width: 1050px) 100vw, 1050px\" \/><\/figure>\n\n\n\n<p class=\"has-text-align-center has-vivid-cyan-blue-color has-text-color has-link-color has-large-font-size wp-elements-2d90241e2c5f8ca44e37a59d9555678b\"><strong>Especificaciones del Programa<\/strong><\/p>\n\n\n\n<p class=\"has-text-align-left has-medium-font-size\">\u2022 <strong>Resoluci\u00f3n CES: <\/strong>RPC-SO-44-No.722-2024<br>\u2022 <strong>T\u00edtulo: <\/strong>Magister en Matem\u00e1ticas Puras y Aplicadas.<br>\u2022 <strong>Tiempo de duraci\u00f3n: <\/strong>3 periodos acad\u00e9micos ordinarios (3 semestres)<br>\u2022 <strong>Modalidad: <\/strong>Semipresencial<br>\u2022 <strong>Horario:<\/strong><br>                Viernes: 17:00 &#8211; 21:00<br>                S\u00e1bado: 08:00 &#8211; 12:00 y 13:00 \u2013 16:00<br>\u2022 <strong>Valor de la inscripci\u00f3n:<\/strong> $80<br>\u2022 <strong>Valor del arancel:<\/strong> $4300<\/p>\n\n\n\n<figure class=\"wp-block-image size-full\"><img loading=\"lazy\" decoding=\"async\" width=\"800\" height=\"480\" src=\"https:\/\/ucentral.org\/informativo\/wp-content\/uploads\/2024\/12\/MMPA-Promo01-1.jpg\" alt=\"\" class=\"wp-image-1639\" srcset=\"https:\/\/ucentral.org\/informativo\/wp-content\/uploads\/2024\/12\/MMPA-Promo01-1.jpg 800w, https:\/\/ucentral.org\/informativo\/wp-content\/uploads\/2024\/12\/MMPA-Promo01-1-300x180.jpg 300w, https:\/\/ucentral.org\/informativo\/wp-content\/uploads\/2024\/12\/MMPA-Promo01-1-768x461.jpg 768w\" sizes=\"auto, (max-width: 800px) 100vw, 800px\" \/><\/figure>\n\n\n\n<p class=\"has-medium-font-size\"><strong>Perfil de egreso:<\/strong><br>El egresado de la Maestr\u00eda en Matem\u00e1ticas Puras y Aplicadas es un profesional que planifica, analiza, organiza, implementa y resuelve problemas abstractos siendo capaz de demostrar un manejo conceptual, te\u00f3rico metodol\u00f3gico profundo en el \u00e1rea de la matem\u00e1tica y trabaja en proyectos asociados con las l\u00edneas de investigaci\u00f3n relacionadas al programa: An\u00e1lisis Num\u00e9rico, Algebra-Geometr\u00eda-Topolog\u00eda y Ecuaciones en Derivadas Parciales. Dise\u00f1a y desarrolla en forma aut\u00f3noma investigaci\u00f3n original en su l\u00ednea de investigaci\u00f3n adquirida en el programa y puede transferir conocimiento en matem\u00e1tica en forma oral y escrita en contextos acad\u00e9micos.<\/p>\n\n\n\n<p class=\"has-text-align-center has-vivid-cyan-blue-color has-text-color has-link-color has-large-font-size wp-elements-14c3d71263a9f6eaaa2b074c36909b41\"><strong>Cronograma<\/strong><\/p>\n\n\n\n<figure class=\"wp-block-table\"><table class=\"has-fixed-layout\"><thead><tr><th>Fecha<\/th><th>Actividad<\/th><\/tr><\/thead><tbody><tr><td>8 de septiembre al 8 de octubre&nbsp; 2025<\/td><td>Inscripciones<\/td><\/tr><tr><td>13 al 17 de octubre 2025<\/td><td>Examen de admisi\u00f3n<br>Entrevista Comit\u00e9 de Posgrado<\/td><\/tr><tr><td>20 de octubre 2025<\/td><td>Publicaci\u00f3n de postulantes aceptados<\/td><\/tr><tr><td>3 al 7 de noviembre 2025<\/td><td>Matr\u00edculas ordinarias<\/td><\/tr><tr><td>10 al 14 de noviembre 2025<\/td><td>Matr\u00edculas extraordinarias<\/td><\/tr><tr><td>21 de noviembre 2025<\/td><td>Inicio de actividades<\/td><\/tr><\/tbody><\/table><\/figure>\n\n\n\n<p class=\"has-text-align-center has-vivid-cyan-blue-color has-text-color has-link-color has-large-font-size wp-elements-0beb38096007e91149d99f5acd952dec\"><strong>Malla curricular<\/strong> (<strong>Modalidad: <\/strong>Semipresencial)<\/p>\n\n\n\n<figure data-wp-context=\"{&quot;imageId&quot;:&quot;69e09ef2b7d93&quot;}\" data-wp-interactive=\"core\/image\" data-wp-key=\"69e09ef2b7d93\" class=\"wp-block-image size-large wp-lightbox-container\"><img loading=\"lazy\" decoding=\"async\" width=\"1024\" height=\"628\" data-wp-class--hide=\"state.isContentHidden\" data-wp-class--show=\"state.isContentVisible\" data-wp-init=\"callbacks.setButtonStyles\" data-wp-on--click=\"actions.showLightbox\" data-wp-on--load=\"callbacks.setButtonStyles\" data-wp-on-window--resize=\"callbacks.setButtonStyles\" src=\"https:\/\/ucentral.org\/informativo\/wp-content\/uploads\/2024\/12\/MMPA01MAlla-1024x628.jpg\" alt=\"Malla curricular\" class=\"wp-image-1614\" srcset=\"https:\/\/ucentral.org\/informativo\/wp-content\/uploads\/2024\/12\/MMPA01MAlla-1024x628.jpg 1024w, https:\/\/ucentral.org\/informativo\/wp-content\/uploads\/2024\/12\/MMPA01MAlla-300x184.jpg 300w, https:\/\/ucentral.org\/informativo\/wp-content\/uploads\/2024\/12\/MMPA01MAlla-768x471.jpg 768w, https:\/\/ucentral.org\/informativo\/wp-content\/uploads\/2024\/12\/MMPA01MAlla.jpg 1426w\" sizes=\"auto, (max-width: 1024px) 100vw, 1024px\" \/><button\n\t\t\tclass=\"lightbox-trigger\"\n\t\t\ttype=\"button\"\n\t\t\taria-haspopup=\"dialog\"\n\t\t\taria-label=\"Agrandar\"\n\t\t\tdata-wp-init=\"callbacks.initTriggerButton\"\n\t\t\tdata-wp-on--click=\"actions.showLightbox\"\n\t\t\tdata-wp-style--right=\"state.imageButtonRight\"\n\t\t\tdata-wp-style--top=\"state.imageButtonTop\"\n\t\t>\n\t\t\t<svg xmlns=\"http:\/\/www.w3.org\/2000\/svg\" width=\"12\" height=\"12\" fill=\"none\" viewBox=\"0 0 12 12\">\n\t\t\t\t<path fill=\"#fff\" d=\"M2 0a2 2 0 0 0-2 2v2h1.5V2a.5.5 0 0 1 .5-.5h2V0H2Zm2 10.5H2a.5.5 0 0 1-.5-.5V8H0v2a2 2 0 0 0 2 2h2v-1.5ZM8 12v-1.5h2a.5.5 0 0 0 .5-.5V8H12v2a2 2 0 0 1-2 2H8Zm2-12a2 2 0 0 1 2 2v2h-1.5V2a.5.5 0 0 0-.5-.5H8V0h2Z\" \/>\n\t\t\t<\/svg>\n\t\t<\/button><\/figure>\n\n\n\n<p><\/p>\n\n\n\n<p class=\"has-text-align-center has-vivid-cyan-blue-color has-text-color has-link-color has-large-font-size wp-elements-5fab373b420f7471539d3bdd9fd1a8ec\"><strong>Requisitos de Admisi\u00f3n<\/strong><\/p>\n\n\n\n<p class=\"has-medium-font-size\"><strong>Perfil de ingreso: <\/strong><br>Graduados en tercer nivel de grado en el campo amplio Ciencias naturales, matem\u00e1ticas y estad\u00edstica, y el campo especifico de: a) Ciencias f\u00edsicas y b) Matem\u00e1ticas y estad\u00edstica, con pensamiento cr\u00edtico, fortaleza, respeto, pasi\u00f3n y curiosidad para desafiar las convenciones establecidas y desarrollar matem\u00e1ticas puras o aplicadas. <\/p>\n\n\n\n<p class=\"has-medium-font-size\">En caso de existir otros perfiles que tengan el inter\u00e9s de participar en el programa, deber\u00e1n contar con experiencia profesional af\u00edn al campo de conocimiento del programa de un a\u00f1o en desarrollo de la matem\u00e1tica pura y aplicada.<\/p>\n\n\n\n<p class=\"has-medium-font-size\"><strong>Requisitos para el ingreso:<\/strong><br>1. Poseer t\u00edtulo de tercer nivel de grado, debidamente registrado por el \u00f3rgano rector de la pol\u00edtica p\u00fablica de educaci\u00f3n superior<br>2. En el caso del que el t\u00edtulo de grado sea obtenido en el exterior se deber\u00e1 legalizar o apostillar por v\u00eda consular<br>3. Cumplir con el proceso de admisi\u00f3n establecido en el programa<br>4. Conocimiento elemental de un idioma extranjero (Nivel A2), \u00a8diferente a su lengua materna\u00a8, preferentemente ingl\u00e9s, esto se eval\u00faa de acuerdo con los lineamientos del Centro de Idiomas<br>de la UCE<br>5. Los requisitos deber\u00e1n ser respaldados por la documentaci\u00f3n pertinente de acuerdo con el instructivo elaborado la Direcci\u00f3n de Posgrado de la Facultad de Ciencias<\/p>\n\n\n\n<p class=\"has-text-align-center has-vivid-cyan-blue-color has-text-color has-link-color has-medium-font-size wp-elements-812ee3d4cd111df0a0f0c5a60bbdbf0e\"><strong>M\u00e1s informaci\u00f3n: <\/strong><\/p>\n\n\n\n<p class=\"has-text-align-center has-vivid-cyan-blue-color has-text-color has-link-color has-medium-font-size wp-elements-ecb36d9b3e299f5430144858fca3bcf2\">Daniel Narv\u00e1ez Vaca<br><strong>WhatsApp:<\/strong> (+593) 95 874 6450<br><strong>Email:<\/strong> danarvaez@uce.edu.ec<\/p>\n\n\n\n<p class=\"has-text-align-center has-vivid-cyan-blue-color has-text-color has-link-color has-medium-font-size wp-elements-1ae78447f38de87c10a99b4f7fdd07db\"><br><strong>Direcci\u00f3n de Posgrado<\/strong><br><strong>Email: <\/strong>fdc.direccion.posgrado@uce.edu.ec<\/p>\n\n\n\n<p class=\"has-text-align-center has-vivid-cyan-blue-color has-text-color has-link-color has-small-font-size wp-elements-2d05e9c431bd0afd4b087114a86a9d68\"><a href=\"https:\/\/repositorio.uce.edu.ec\/archivos\/FC\/Posgrados\/Brochure_MMPA_2025.pdf\" target=\"_blank\" rel=\"noreferrer noopener\">Brochure de la Maestr\u00eda<\/a><\/p>\n\n\n\n<p class=\"has-white-color has-text-color has-link-color wp-elements-786091fe5046ea6d96eb73389df9655a\">Nuestra <strong>Maestr\u00eda en Matem\u00e1ticas Puras y Aplicadas<\/strong> es una excelente oportunidad si deseas profundizar en el estudio de las matem\u00e1ticas y su aplicaci\u00f3n en diversos campos. La formaci\u00f3n avanzada que recibir\u00e1s te permitir\u00e1 desarrollar habilidades anal\u00edticas y de resoluci\u00f3n de problemas complejos, esenciales en la investigaci\u00f3n cient\u00edfica, la ingenier\u00eda y la tecnolog\u00eda. La <strong>Facultad de Ciencias de la Universidad Central del Ecuador <\/strong>ofrece un entorno acad\u00e9mico riguroso con profesores altamente capacitados, brindando acceso a herramientas y recursos de vanguardia. Adem\u00e1s, nuestra maestr\u00eda fomenta la colaboraci\u00f3n interdisciplinaria y empresarial, lo que abre puertas a diversas \u00e1reas profesionales. Al finalizar el programa de maestr\u00eda, los graduados contar\u00e1n con un perfil competitivo para enfrentar los retos del mundo acad\u00e9mico, cient\u00edfico y laboral.<\/p>\n","protected":false},"excerpt":{"rendered":"<p>La Maestr\u00eda en Matem\u00e1ticas Puras y Aplicadas ofrece formaci\u00f3n rigurosa en teor\u00eda y aplicaciones matem\u00e1ticas, abarcando \u00e1reas como an\u00e1lisis, \u00e1lgebra, geometr\u00eda y m\u00e9todos num\u00e9ricos. Con un enfoque en la investigaci\u00f3n y la resoluci\u00f3n de problemas complejos, permite desarrollar modelos matem\u00e1ticos con impacto en diversas \u00e1reas cient\u00edficas, tecnol\u00f3gicas e industriales. Su enfoque interdisciplinario prepara a los [&hellip;]<\/p>\n","protected":false},"author":2,"featured_media":0,"parent":1611,"menu_order":10,"comment_status":"closed","ping_status":"closed","template":"","meta":{"footnotes":""},"class_list":["post-1613","page","type-page","status-publish","hentry"],"_links":{"self":[{"href":"https:\/\/ucentral.org\/informativo\/index.php\/wp-json\/wp\/v2\/pages\/1613","targetHints":{"allow":["GET"]}}],"collection":[{"href":"https:\/\/ucentral.org\/informativo\/index.php\/wp-json\/wp\/v2\/pages"}],"about":[{"href":"https:\/\/ucentral.org\/informativo\/index.php\/wp-json\/wp\/v2\/types\/page"}],"author":[{"embeddable":true,"href":"https:\/\/ucentral.org\/informativo\/index.php\/wp-json\/wp\/v2\/users\/2"}],"replies":[{"embeddable":true,"href":"https:\/\/ucentral.org\/informativo\/index.php\/wp-json\/wp\/v2\/comments?post=1613"}],"version-history":[{"count":24,"href":"https:\/\/ucentral.org\/informativo\/index.php\/wp-json\/wp\/v2\/pages\/1613\/revisions"}],"predecessor-version":[{"id":2332,"href":"https:\/\/ucentral.org\/informativo\/index.php\/wp-json\/wp\/v2\/pages\/1613\/revisions\/2332"}],"up":[{"embeddable":true,"href":"https:\/\/ucentral.org\/informativo\/index.php\/wp-json\/wp\/v2\/pages\/1611"}],"wp:attachment":[{"href":"https:\/\/ucentral.org\/informativo\/index.php\/wp-json\/wp\/v2\/media?parent=1613"}],"curies":[{"name":"wp","href":"https:\/\/api.w.org\/{rel}","templated":true}]}}