{"id":1748,"date":"2025-02-19T00:06:47","date_gmt":"2025-02-19T05:06:47","guid":{"rendered":"https:\/\/ucentral.org\/informativo\/?page_id=1748"},"modified":"2025-02-26T13:27:49","modified_gmt":"2025-02-26T18:27:49","slug":"vinculacion-con-la-sociedad","status":"publish","type":"page","link":"https:\/\/ucentral.org\/informativo\/index.php\/facultad-de-ciencias\/vinculacion-con-la-sociedad\/","title":{"rendered":"Vinculaci\u00f3n con la Sociedad"},"content":{"rendered":"\n<p class=\"has-text-align-center has-large-font-size\"><strong>Proyectos de Vinculaci\u00f3n con la Sociedad<\/strong><br><strong>Convocatoria Ciclo Acad\u00e9mico 2025-2025<\/strong><\/p>\n\n\n\n<p class=\"has-text-align-center has-vivid-cyan-blue-color has-text-color has-link-color has-large-font-size wp-elements-cbb3108363e7603d3cd611c4b19af2de\"><strong>\u00a1Inscr\u00edbete para postular a Proyectos de Vinculaci\u00f3n con la Sociedad!<\/strong><\/p>\n\n\n\n<figure class=\"wp-block-image size-full\"><img loading=\"lazy\" decoding=\"async\" width=\"800\" height=\"533\" src=\"https:\/\/ucentral.org\/informativo\/wp-content\/uploads\/2025\/02\/VS02.jpg\" alt=\"\" class=\"wp-image-1760\" srcset=\"https:\/\/ucentral.org\/informativo\/wp-content\/uploads\/2025\/02\/VS02.jpg 800w, https:\/\/ucentral.org\/informativo\/wp-content\/uploads\/2025\/02\/VS02-300x200.jpg 300w, https:\/\/ucentral.org\/informativo\/wp-content\/uploads\/2025\/02\/VS02-768x512.jpg 768w\" sizes=\"auto, (max-width: 800px) 100vw, 800px\" \/><\/figure>\n\n\n\n<p>La Facultad de Ciencias de la Universidad Central del Ecuador, a trav\u00e9s de la Carrera de Matem\u00e1ticas, convoca a los estudiantes de 6.\u00ba y 7.\u00ba semestre a inscribirse en los Proyectos de Vinculaci\u00f3n con la Sociedad, conforme lo establecido en la malla curricular y de acuerdo a los requerimientos de las instituciones y empresas que mantienen convenio de cooperaci\u00f3n con la Universidad Central del Ecuador, as\u00ed como con la Facultad de Ciencias.<\/p>\n\n\n\n<p>La Facultad de Ciencias te invita a postular para participar en los Proyectos de Vinculaci\u00f3n con la Sociedad, a trav\u00e9s, del formulario \u00fanico de postulaci\u00f3n.<\/p>\n\n\n\n<p><strong>Requisitos:<\/strong><\/p>\n\n\n\n<ul class=\"wp-block-list\">\n<li>Ser estudiante activo de la carrera de Matem\u00e1tica<\/li>\n\n\n\n<li>Cursar niveles: de 6to y 7mo nivel<\/li>\n<\/ul>\n\n\n\n<p><strong>Proceso de postulaci\u00f3n:<\/strong><\/p>\n\n\n\n<ol class=\"wp-block-list\">\n<li>Ingresa al formulario \u00fanico de inscripci\u00f3n en el siguiente enlace: <a href=\"https:\/\/forms.office.com\/r\/5q0Y3YKkBx?origin=lprLink\" target=\"_blank\" rel=\"noreferrer noopener\">aqu\u00ed<\/a><\/li>\n\n\n\n<li>Completa el formulario con tus datos personales, acad\u00e9micos y de contacto.<\/li>\n\n\n\n<li>Adjunta los documentos requeridos en el formulario (curr\u00edculum).<\/li>\n<\/ol>\n\n\n\n<p><strong>Recepci\u00f3n de inscripciones:<\/strong> del 24 de febrero 2025 al 03 de marzo de 2025<\/p>\n\n\n\n<p><strong>Informaci\u00f3n adicional:<\/strong><\/p>\n\n\n\n<p>Los <strong><em>Proyectos de Vinculaci\u00f3n con la Sociedad<\/em><\/strong>, tienen como objetivo principal fortalecer la formaci\u00f3n acad\u00e9mica de los estudiantes mediante la aplicaci\u00f3n de sus conocimientos en beneficio de la sociedad. Estos proyectos buscan crear una sinergia entre la academia y la comunidad, permitiendo a los estudiantes contribuir activamente al desarrollo social y econ\u00f3mico de su entorno. Al participar en estos proyectos, los estudiantes no solo adquieren experiencia pr\u00e1ctica y desarrollan habilidades profesionales, sino que tambi\u00e9n generan un impacto positivo en la sociedad, fomentando el compromiso c\u00edvico y la responsabilidad social.<\/p>\n\n\n\n<p>Los estudiantes deben cumplir con los <strong><em>Proyectos de Vinculaci\u00f3n con la Sociedad<\/em><\/strong>, como uno de los requisitos principales para el tr\u00e1mite de titulaci\u00f3n de la carrera.<\/p>\n\n\n\n<p>Para m\u00e1s informaci\u00f3n, los interesados pueden acercarse a la <strong><em>Coordinaci\u00f3n de la Carrera<\/em><\/strong> o escribir a los correos electr\u00f3nicos: <a href=\"mailto:gdchavezg1@uce.edu.ec\" target=\"_blank\" rel=\"noreferrer noopener\">gdchavezg1@uce.edu.ec<\/a><\/p>\n\n\n\n<p class=\"has-text-align-center\"><strong>Atentamente,<\/strong><br><br><strong>Coordinaci\u00f3n de Vinculaci\u00f3n\/ Practicas preprofesionales- Carrera de Matem\u00e1ticas<\/strong><br><strong>Facultad de Ciencias &#8211; Universidad Central del Ecuador<\/strong><\/p>\n\n\n\n<p class=\"has-text-align-center\"><strong>\u00a1Inscr\u00edbete para postular a Proyectos de Vinculaci\u00f3n con la Sociedad!<\/strong><\/p>\n\n\n\n<p><em>Para m\u00e1s informaci\u00f3n, comun\u00edcate con la Coordinaci\u00f3n de Proyectos de Vinculaci\u00f3n con la Sociedad de la Facultad de Ciencias: Dr. Hern\u00e1n Aules<\/em><\/p>\n\n\n\n<p class=\"has-vivid-green-cyan-color has-text-color has-link-color has-large-font-size wp-elements-fbb2840e6cd794e73ceadd0b5a7ed297\"><strong><a href=\"https:\/\/forms.office.com\/r\/5q0Y3YKkBx?origin=lprLink\" target=\"_blank\" rel=\"noreferrer noopener\">Formulario de postulaci\u00f3n proyectos de Vinculaci\u00f3n con la Sociedad:<\/a><\/strong><\/p>\n\n\n\n<iframe loading=\"lazy\" width=\"800px\" height=\"1200px\" src=\"https:\/\/forms.office.com\/r\/5q0Y3YKkBx?origin=lprLink?embed=true\" frameborder=\"0\" marginwidth=\"0\" marginheight=\"0\" style=\"border: none; max-width:100%; max-height:100vh\" allowfullscreen webkitallowfullscreen mozallowfullscreen msallowfullscreen> <\/iframe>\n\n\n\n<div data-wp-interactive=\"core\/file\" class=\"wp-block-file\"><object data-wp-bind--hidden=\"!state.hasPdfPreview\" hidden class=\"wp-block-file__embed\" data=\"https:\/\/ucentral.org\/informativo\/wp-content\/uploads\/2025\/02\/00.ConvocatoriaPPP-VS-2025-2025-FCiencias.pdf\" type=\"application\/pdf\" style=\"width:100%;height:600px\" aria-label=\"Incrustado de 00.ConvocatoriaPPP-VS-2025-2025-FCiencias.\"><\/object><a id=\"wp-block-file--media-005103d1-825d-4bb6-8fa8-7bc4de049a9f\" href=\"https:\/\/ucentral.org\/informativo\/wp-content\/uploads\/2025\/02\/00.ConvocatoriaPPP-VS-2025-2025-FCiencias.pdf\">00.ConvocatoriaPPP-VS-2025-2025-FCiencias<\/a><a href=\"https:\/\/ucentral.org\/informativo\/wp-content\/uploads\/2025\/02\/00.ConvocatoriaPPP-VS-2025-2025-FCiencias.pdf\" class=\"wp-block-file__button wp-element-button\" download aria-describedby=\"wp-block-file--media-005103d1-825d-4bb6-8fa8-7bc4de049a9f\">Descargar<\/a><\/div>\n","protected":false},"excerpt":{"rendered":"<p>Proyectos de Vinculaci\u00f3n con la SociedadConvocatoria Ciclo Acad\u00e9mico 2025-2025 \u00a1Inscr\u00edbete para postular a Proyectos de Vinculaci\u00f3n con la Sociedad! La Facultad de Ciencias de la Universidad Central del Ecuador, a trav\u00e9s de la Carrera de Matem\u00e1ticas, convoca a los estudiantes de 6.\u00ba y 7.\u00ba semestre a inscribirse en los Proyectos de Vinculaci\u00f3n con la Sociedad, [&hellip;]<\/p>\n","protected":false},"author":2,"featured_media":1760,"parent":1216,"menu_order":0,"comment_status":"closed","ping_status":"closed","template":"","meta":{"footnotes":""},"class_list":["post-1748","page","type-page","status-publish","has-post-thumbnail","hentry"],"_links":{"self":[{"href":"https:\/\/ucentral.org\/informativo\/index.php\/wp-json\/wp\/v2\/pages\/1748","targetHints":{"allow":["GET"]}}],"collection":[{"href":"https:\/\/ucentral.org\/informativo\/index.php\/wp-json\/wp\/v2\/pages"}],"about":[{"href":"https:\/\/ucentral.org\/informativo\/index.php\/wp-json\/wp\/v2\/types\/page"}],"author":[{"embeddable":true,"href":"https:\/\/ucentral.org\/informativo\/index.php\/wp-json\/wp\/v2\/users\/2"}],"replies":[{"embeddable":true,"href":"https:\/\/ucentral.org\/informativo\/index.php\/wp-json\/wp\/v2\/comments?post=1748"}],"version-history":[{"count":10,"href":"https:\/\/ucentral.org\/informativo\/index.php\/wp-json\/wp\/v2\/pages\/1748\/revisions"}],"predecessor-version":[{"id":1797,"href":"https:\/\/ucentral.org\/informativo\/index.php\/wp-json\/wp\/v2\/pages\/1748\/revisions\/1797"}],"up":[{"embeddable":true,"href":"https:\/\/ucentral.org\/informativo\/index.php\/wp-json\/wp\/v2\/pages\/1216"}],"wp:featuredmedia":[{"embeddable":true,"href":"https:\/\/ucentral.org\/informativo\/index.php\/wp-json\/wp\/v2\/media\/1760"}],"wp:attachment":[{"href":"https:\/\/ucentral.org\/informativo\/index.php\/wp-json\/wp\/v2\/media?parent=1748"}],"curies":[{"name":"wp","href":"https:\/\/api.w.org\/{rel}","templated":true}]}}