{"id":1773,"date":"2025-02-25T14:12:45","date_gmt":"2025-02-25T19:12:45","guid":{"rendered":"https:\/\/ucentral.org\/informativo\/?page_id=1773"},"modified":"2025-10-02T08:02:11","modified_gmt":"2025-10-02T13:02:11","slug":"educacion-continua","status":"publish","type":"page","link":"https:\/\/ucentral.org\/informativo\/index.php\/educacion-continua\/","title":{"rendered":"Educaci\u00f3n Continua"},"content":{"rendered":"\n<figure class=\"wp-block-image size-full\"><a href=\"https:\/\/ucetech.online\/\" target=\"_blank\" rel=\" noreferrer noopener\"><img loading=\"lazy\" decoding=\"async\" width=\"1722\" height=\"390\" src=\"https:\/\/ucentral.org\/informativo\/wp-content\/uploads\/2025\/09\/UCETechOnlineWeb.jpeg\" alt=\"\" class=\"wp-image-2324\" srcset=\"https:\/\/ucentral.org\/informativo\/wp-content\/uploads\/2025\/09\/UCETechOnlineWeb.jpeg 1722w, https:\/\/ucentral.org\/informativo\/wp-content\/uploads\/2025\/09\/UCETechOnlineWeb-300x68.jpeg 300w, https:\/\/ucentral.org\/informativo\/wp-content\/uploads\/2025\/09\/UCETechOnlineWeb-1024x232.jpeg 1024w, https:\/\/ucentral.org\/informativo\/wp-content\/uploads\/2025\/09\/UCETechOnlineWeb-768x174.jpeg 768w, https:\/\/ucentral.org\/informativo\/wp-content\/uploads\/2025\/09\/UCETechOnlineWeb-1536x348.jpeg 1536w\" sizes=\"auto, (max-width: 1722px) 100vw, 1722px\" \/><\/a><\/figure>\n\n\n\n<p>Accede a <strong>UCETech Online<\/strong> y descubre una amplia oferta de cursos de educaci\u00f3n continua y diplomados dise\u00f1ados para impulsar tu desarrollo acad\u00e9mico y profesional.<\/p>\n\n\n\n<p class=\"has-medium-font-size\"><a href=\"https:\/\/ucetech.online\/\" target=\"_blank\" rel=\"noreferrer noopener\">clic aqu\u00ed para acceder a <strong>UCETech Online<\/strong><\/a><\/p>\n\n\n\n<p><a href=\"https:\/\/ucetech.online\/aulavirtual\" target=\"_blank\" rel=\"noreferrer noopener\">clic aqu\u00ed para acceder al Aula Virtual de <strong>UCETech Online<\/strong><\/a><\/p>\n\n\n\n<p><\/p>\n","protected":false},"excerpt":{"rendered":"<p>Accede a UCETech Online y descubre una amplia oferta de cursos de educaci\u00f3n continua y diplomados dise\u00f1ados para impulsar tu desarrollo acad\u00e9mico y profesional. clic aqu\u00ed para acceder a UCETech Online clic aqu\u00ed para acceder al Aula Virtual de UCETech Online<\/p>\n","protected":false},"author":2,"featured_media":1774,"parent":0,"menu_order":1,"comment_status":"closed","ping_status":"closed","template":"","meta":{"footnotes":""},"class_list":["post-1773","page","type-page","status-publish","has-post-thumbnail","hentry"],"_links":{"self":[{"href":"https:\/\/ucentral.org\/informativo\/index.php\/wp-json\/wp\/v2\/pages\/1773","targetHints":{"allow":["GET"]}}],"collection":[{"href":"https:\/\/ucentral.org\/informativo\/index.php\/wp-json\/wp\/v2\/pages"}],"about":[{"href":"https:\/\/ucentral.org\/informativo\/index.php\/wp-json\/wp\/v2\/types\/page"}],"author":[{"embeddable":true,"href":"https:\/\/ucentral.org\/informativo\/index.php\/wp-json\/wp\/v2\/users\/2"}],"replies":[{"embeddable":true,"href":"https:\/\/ucentral.org\/informativo\/index.php\/wp-json\/wp\/v2\/comments?post=1773"}],"version-history":[{"count":4,"href":"https:\/\/ucentral.org\/informativo\/index.php\/wp-json\/wp\/v2\/pages\/1773\/revisions"}],"predecessor-version":[{"id":2427,"href":"https:\/\/ucentral.org\/informativo\/index.php\/wp-json\/wp\/v2\/pages\/1773\/revisions\/2427"}],"wp:featuredmedia":[{"embeddable":true,"href":"https:\/\/ucentral.org\/informativo\/index.php\/wp-json\/wp\/v2\/media\/1774"}],"wp:attachment":[{"href":"https:\/\/ucentral.org\/informativo\/index.php\/wp-json\/wp\/v2\/media?parent=1773"}],"curies":[{"name":"wp","href":"https:\/\/api.w.org\/{rel}","templated":true}]}}