{"id":1916,"date":"2025-05-19T13:00:31","date_gmt":"2025-05-19T18:00:31","guid":{"rendered":"https:\/\/ucentral.org\/informativo\/?page_id=1916"},"modified":"2025-12-24T08:47:03","modified_gmt":"2025-12-24T13:47:03","slug":"jem","status":"publish","type":"page","link":"https:\/\/ucentral.org\/informativo\/index.php\/c2\/jem\/","title":{"rendered":"JEM"},"content":{"rendered":"\n<p class=\"has-vivid-cyan-blue-color has-text-color has-link-color has-large-font-size wp-elements-6e44ff6a78ab289546ea4b300d9acb23\"><strong>VII Jornadas Ecuatorianas de Matem\u00e1tica &#8211; JEM<\/strong><\/p>\n\n\n\n<p>Las Jornadas Ecuatorianas de Matem\u00e1tica (JEM) conforman un evento cient\u00edfico anual organizado de manera colaborativa por instituciones universitarias ecuatorianas, en asociaci\u00f3n con la Sociedad Ecuatoriana de Matem\u00e1tica (SEdeM), el Centro de Modelizaci\u00f3n Matem\u00e1tica (Mode-Mat) y Amarun.<\/p>\n\n\n\n<p>El prop\u00f3sito fundamental de las JEM es proporcionar entornos propicios para la difusi\u00f3n, an\u00e1lisis, reflexi\u00f3n y debate, con el objetivo de estimular el avance tanto de la investigaci\u00f3n como del \u00e1mbito educativo en matem\u00e1ticas a nivel superior en Ecuador. La esencia de las JEM radica en su contribuci\u00f3n a la consolidaci\u00f3n de alianzas estrat\u00e9gicas entre investigadores, a nivel nacional e internacional. Las JEM no solo constituyen una manifestaci\u00f3n de excelencia cient\u00edfica, sino tambi\u00e9n un componente fundamental para fortalecer la comunidad acad\u00e9mica y cient\u00edfica en el \u00e1mbito de la matem\u00e1tica, incentivando la investigaci\u00f3n y la ense\u00f1anza.<\/p>\n\n\n\n<p>Este a\u00f1o las VII Jornadas Ecuatorianas de Matem\u00e1tica ser\u00e1n organizadas por la Facultad de Ciencias de la Universidad Central del Ecuador en la ciudad de Quito y se realizar\u00e1 del 24 al 28 de noviembre.<\/p>\n\n\n<div class=\"wp-block-image\">\n<figure class=\"aligncenter size-full\"><img loading=\"lazy\" decoding=\"async\" width=\"602\" height=\"388\" src=\"https:\/\/ucentral.org\/informativo\/wp-content\/uploads\/2025\/05\/JEM01.jpg\" alt=\"\" class=\"wp-image-1921\" srcset=\"https:\/\/ucentral.org\/informativo\/wp-content\/uploads\/2025\/05\/JEM01.jpg 602w, https:\/\/ucentral.org\/informativo\/wp-content\/uploads\/2025\/05\/JEM01-300x193.jpg 300w\" sizes=\"auto, (max-width: 602px) 100vw, 602px\" \/><\/figure>\n<\/div>\n\n\n<p class=\"has-text-align-center has-vivid-cyan-blue-color has-text-color has-link-color has-large-font-size wp-elements-b56e21e3724005b3621548579e48a5a8\">Agenda<\/p>\n\n\n\n<figure class=\"wp-block-image size-full\"><img loading=\"lazy\" decoding=\"async\" width=\"631\" height=\"898\" src=\"https:\/\/ucentral.org\/informativo\/wp-content\/uploads\/2025\/11\/Agenda01.jpg\" alt=\"\" class=\"wp-image-2750\" srcset=\"https:\/\/ucentral.org\/informativo\/wp-content\/uploads\/2025\/11\/Agenda01.jpg 631w, https:\/\/ucentral.org\/informativo\/wp-content\/uploads\/2025\/11\/Agenda01-211x300.jpg 211w\" sizes=\"auto, (max-width: 631px) 100vw, 631px\" \/><\/figure>\n\n\n\n<p><strong>Inscripciones:<\/strong> <a href=\"https:\/\/forms.office.com\/pages\/responsepage.aspx?id=Ky6ljCAddEKaE7127MuB0VJyTdvu-0NLveyKLyBm-xBUOFFNNU5IMllYNFU2Qk45OFhHVkQ2OE1IRS4u&amp;route=shorturl\" target=\"_blank\" rel=\"noreferrer noopener\">clic aqu\u00ed<\/a><\/p>\n\n\n\n<figure class=\"wp-block-image size-full\"><img loading=\"lazy\" decoding=\"async\" width=\"1131\" height=\"1600\" src=\"https:\/\/ucentral.org\/informativo\/wp-content\/uploads\/2025\/11\/jemAficheDDAFD.jpg\" alt=\"\" class=\"wp-image-2752\" srcset=\"https:\/\/ucentral.org\/informativo\/wp-content\/uploads\/2025\/11\/jemAficheDDAFD.jpg 1131w, https:\/\/ucentral.org\/informativo\/wp-content\/uploads\/2025\/11\/jemAficheDDAFD-212x300.jpg 212w, https:\/\/ucentral.org\/informativo\/wp-content\/uploads\/2025\/11\/jemAficheDDAFD-768x1086.jpg 768w, https:\/\/ucentral.org\/informativo\/wp-content\/uploads\/2025\/11\/jemAficheDDAFD-1086x1536.jpg 1086w\" sizes=\"auto, (max-width: 1131px) 100vw, 1131px\" \/><\/figure>\n\n\n\n<p class=\"has-text-align-center has-vivid-cyan-blue-color has-text-color has-link-color has-large-font-size wp-elements-b6f899d3ffde5506508d09d41a4e73ba\"><strong>Listado de sesiones<\/strong><\/p>\n\n\n\n<!DOCTYPE html>\n<html lang=\"es\">\n<head>\n    \n    \n\n    <style>\n    body {\n        font-family: 'Arial', sans-serif;\n        background-color: #f9f9f9;\n        padding: 20px;\n        color: #333;\n    }\n\n    h1 {\n        text-align: center;\n        color: #2c3e50;\n        margin-bottom: 30px;\n    }\n\n    .sessions-container {\n        display: flex;\n        flex-wrap: wrap;\n        gap: 20px;\n        justify-content: center;\n    }\n\n    .session-card {\n        background-color: white;\n        border-radius: 10px;\n        padding: 20px;\n        width: 300px;\n        box-shadow: 0 4px 8px rgba(0, 0, 0, 0.1);\n        transition: transform 0.3s;\n    }\n\n    .session-card:hover {\n        transform: translateY(-5px);\n    }\n\n    .session-title {\n        font-size: 18px;\n        font-weight: bold;\n        color: #2c3e50;\n        margin-bottom: 10px;\n        border-bottom: 2px solid #3498db;\n        padding-bottom: 8px;\n    }\n\n    .session-description {\n        font-size: 14px;\n        line-height: 1.5;\n        color: #555;\n        margin-bottom: 15px;\n    }\n\n    .coordinators {\n        font-size: 13px;\n        color: #777;\n    }\n\n    .coordinator {\n        margin-bottom: 5px;\n        font-weight: bold;\n    }\n\n    .email {\n        font-style: italic;\n        color: #3498db;\n        word-break: break-all;\n    }\n<\/style>\n<\/head>\n<body>\n    <div class=\"sessions-container\">\n        <!-- Sesi\u00f3n 1 -->\n        <div class=\"session-card\">\n            <div class=\"session-title\">Advances in Mathematical and Computational Modeling in Public Health<\/div>\n            <div class=\"session-description\">\n                This session showcases recent developments in mathematical and computational modeling applied to a wide spectrum of health and disease contexts. From modeling infectious disease transmission and analyzing climate-health interactions to leveraging machine learning for biomedical predictions and diagnostics, the presented works reflect the power of quantitative methods in advancing public health and medical research. Emphasizing interdisciplinary approaches, the session underlines how mathematics, statistics, and artificial intelligence can together inform effective interventions and deepen our understanding of complex biological systems.\n            <\/div>\n            <div class=\"coordinators\">\n                <div class=\"coordinator\">Dr. Sayooj Aby Jose<\/div>\n                <div class=\"email\">sayoojaby999@gmail.com<\/div>\n                <div class=\"coordinator\">Prof. Hugo Leiva<\/div>\n                <div class=\"email\">hleivatoka@gmail.com, hleiva@yachaytech.edu.ec<\/div>\n            <\/div>\n        <\/div>\n\n        <!-- Sesi\u00f3n 2 -->\n        <div class=\"session-card\">\n            <div class=\"session-title\">Matem\u00e1tica, cultura, ciencia y sociedad<\/div>\n            <div class=\"session-description\">\n                Esta sesi\u00f3n espera contribuir desde la mirada de la conjunci\u00f3n no dicot\u00f3mica entre Matem\u00e1tica y sociedad, en ella participar\u00e1n expertos en el tema, lo cual potenciar\u00e1 con toda seguridad confluir hacia espacios de discusi\u00f3n, encuentros e investigaciones para mejorar la calidad de impacto de la matem\u00e1tica en el pa\u00eds.\n            <\/div>\n            <div class=\"coordinators\">\n                <div class=\"coordinator\">Juan Cadena<\/div>\n                <div class=\"email\">jrcadena@uce.edu.ec<\/div>\n                <div class=\"coordinator\">Irina Puente<\/div>\n                <div class=\"email\">ilpuente@uce.edu.ec<\/div>\n            <\/div>\n        <\/div>\n\n        <!-- Sesi\u00f3n 3 -->\n        <div class=\"session-card\">\n            <div class=\"session-title\">Topolog\u00eda y Geometr\u00eda<\/div>\n            <div class=\"session-description\">\n                Presentaci\u00f3n de trabajos in\u00e9ditos o de reciente publicaci\u00f3n en Topolog\u00eda y\/o Geometr\u00eda.\n            <\/div>\n            <div class=\"coordinators\">\n                <div class=\"coordinator\">Jorge Vielma Barrios<\/div>\n                <div class=\"email\">jevielma@espol.edu.ec<\/div>\n                <div class=\"coordinator\">\u00c1ngel Guale<\/div>\n                <div class=\"email\">adguale@espol.edu.ec<\/div>\n            <\/div>\n        <\/div>\n\n        <!-- Sesi\u00f3n 4 -->\n        <div class=\"session-card\">\n            <div class=\"session-title\">An\u00e1lisis Num\u00e9rico, M\u00e9todos Computacionales y Aplicaciones Matem\u00e1ticas<\/div>\n            <div class=\"session-description\">\n                En esta sesi\u00f3n tem\u00e1tica se aceptar\u00e1n y presentar\u00e1n ponencias derivadas de trabajos de investigaci\u00f3n recientes en las \u00e1reas de an\u00e1lisis num\u00e9rico, m\u00e9todos num\u00e9ricos, computaci\u00f3n cient\u00edfica, optimizaci\u00f3n num\u00e9rica y desarrollo de herramientas matem\u00e1ticas, tanto te\u00f3ricas como aplicadas. Se dar\u00e1 especial relevancia a aquellos estudios que contribuyan a la resoluci\u00f3n de problemas en diversos campos, como las ciencias naturales, la inform\u00e1tica, la tecnolog\u00eda, las ciencias de la salud, la econom\u00eda, las ciencias sociales, la industria y la producci\u00f3n, entre otros. Los trabajos deben ser el resultado de investigaciones rigurosas que profundicen en el desarrollo, la implementaci\u00f3n o la aplicabilidad de m\u00e9todos num\u00e9ricos y computacionales, con el prop\u00f3sito de fortalecer el conocimiento en estas \u00e1reas y promover su transferencia a distintos \u00e1mbitos del saber y la innovaci\u00f3n.\n            <\/div>\n            <div class=\"coordinators\">\n                <div class=\"coordinator\">Rodolfo Gallo<\/div>\n                <div class=\"email\">rgallo@yachaytech.edu.ec<\/div>\n                <div class=\"coordinator\">Ram\u00f3n Abanc\u00edn<\/div>\n                <div class=\"email\">ramon.abancin@espoch.edu.ec<\/div>\n            <\/div>\n        <\/div>\n\n        <!-- Sesi\u00f3n 5 -->\n        <div class=\"session-card\">\n            <div class=\"session-title\">Teor\u00eda de N\u00fameros<\/div>\n            <div class=\"session-description\">\n                Esta sesi\u00f3n tem\u00e1tica reunir\u00e1 ponencias basadas en investigaciones originales en teor\u00eda de n\u00fameros, destacando trabajos que exploren problemas cl\u00e1sicos y modernos. Se valorar\u00e1n especialmente contribuciones con enfoques innovadores, conexiones interdisciplinarias y avances en conjeturas fundamentales. Adem\u00e1s, se promover\u00e1 el an\u00e1lisis de perspectivas hist\u00f3ricas y t\u00e9cnicas emergentes, fomentando el intercambio de ideas que enriquezcan el desarrollo de esta \u00e1rea central de la matem\u00e1tica.\n            <\/div>\n            <div class=\"coordinators\">\n                <div class=\"coordinator\">Leonidas Cerda<\/div>\n                <div class=\"email\">lcerda@espoch.edu.ec<\/div>\n                <div class=\"coordinator\">Carlos Cova<\/div>\n                <div class=\"email\">carlos.cova@espoch.edu.ec<\/div>\n            <\/div>\n        <\/div>\n\n        <!-- Sesi\u00f3n 6 -->\n        <div class=\"session-card\">\n            <div class=\"session-title\">An\u00e1lisis funcional y ecuaciones en derivadas parciales (EDP)<\/div>\n            <div class=\"session-description\">\n                El objetivo de esta sesi\u00f3n es presentar los recientes resultados obtenidos en las diversas investigaciones realizadas principalmente en la rama de las ecuaciones en An\u00e1lisis Funcional y Ecuaciones en derivadas parciales. Las tem\u00e1ticas que ser\u00e1n presentadas en las distintas charlas abordan temas de actualidad. Estos estudios son realizados a trav\u00e9s de diversas herramientas del an\u00e1lisis matem\u00e1tico moderno.\n            <\/div>\n            <div class=\"coordinators\">\n                <div class=\"coordinator\">Manuel Fernando Cortez<\/div>\n                <div class=\"email\">manuel.cortez@epn.edu.ec<\/div>\n                <div class=\"coordinator\">David Llerena<\/div>\n                <div class=\"email\">david.llerena@univ-evry.fr<\/div>\n            <\/div>\n        <\/div>\n    <\/div>\n<\/body>\n<\/html>\n\n\n\n<p><\/p>\n\n\n<div class=\"wp-block-image\">\n<figure class=\"aligncenter size-large\"><img loading=\"lazy\" decoding=\"async\" width=\"1024\" height=\"44\" src=\"https:\/\/ucentral.org\/informativo\/wp-content\/uploads\/2025\/06\/JEMpiepagina01-1024x44.jpg\" alt=\"\" class=\"wp-image-1973\" srcset=\"https:\/\/ucentral.org\/informativo\/wp-content\/uploads\/2025\/06\/JEMpiepagina01-1024x44.jpg 1024w, https:\/\/ucentral.org\/informativo\/wp-content\/uploads\/2025\/06\/JEMpiepagina01-300x13.jpg 300w, https:\/\/ucentral.org\/informativo\/wp-content\/uploads\/2025\/06\/JEMpiepagina01-768x33.jpg 768w, https:\/\/ucentral.org\/informativo\/wp-content\/uploads\/2025\/06\/JEMpiepagina01.jpg 1054w\" sizes=\"auto, (max-width: 1024px) 100vw, 1024px\" \/><\/figure>\n<\/div>\n\n\n<p><\/p>\n\n\n\n<p class=\"has-cyan-bluish-gray-color has-text-color has-link-color has-small-font-size wp-elements-76d10000c564c1ebead476aecc41f81c\"><a href=\"https:\/\/mail.hostinger.com\/?clearSession=true&amp;_user=jem@ucentral.org\" target=\"_blank\" rel=\"noreferrer noopener\"><em>email<\/em><\/a><\/p>\n\n\n\n<p><\/p>\n","protected":false},"excerpt":{"rendered":"<p>VII Jornadas Ecuatorianas de Matem\u00e1tica &#8211; JEM Las Jornadas Ecuatorianas de Matem\u00e1tica (JEM) conforman un evento cient\u00edfico anual organizado de manera colaborativa por instituciones universitarias ecuatorianas, en asociaci\u00f3n con la Sociedad Ecuatoriana de Matem\u00e1tica (SEdeM), el Centro de Modelizaci\u00f3n Matem\u00e1tica (Mode-Mat) y Amarun. El prop\u00f3sito fundamental de las JEM es proporcionar entornos propicios para la [&hellip;]<\/p>\n","protected":false},"author":6,"featured_media":0,"parent":83,"menu_order":0,"comment_status":"closed","ping_status":"closed","template":"","meta":{"footnotes":""},"class_list":["post-1916","page","type-page","status-publish","hentry"],"_links":{"self":[{"href":"https:\/\/ucentral.org\/informativo\/index.php\/wp-json\/wp\/v2\/pages\/1916","targetHints":{"allow":["GET"]}}],"collection":[{"href":"https:\/\/ucentral.org\/informativo\/index.php\/wp-json\/wp\/v2\/pages"}],"about":[{"href":"https:\/\/ucentral.org\/informativo\/index.php\/wp-json\/wp\/v2\/types\/page"}],"author":[{"embeddable":true,"href":"https:\/\/ucentral.org\/informativo\/index.php\/wp-json\/wp\/v2\/users\/6"}],"replies":[{"embeddable":true,"href":"https:\/\/ucentral.org\/informativo\/index.php\/wp-json\/wp\/v2\/comments?post=1916"}],"version-history":[{"count":29,"href":"https:\/\/ucentral.org\/informativo\/index.php\/wp-json\/wp\/v2\/pages\/1916\/revisions"}],"predecessor-version":[{"id":2755,"href":"https:\/\/ucentral.org\/informativo\/index.php\/wp-json\/wp\/v2\/pages\/1916\/revisions\/2755"}],"up":[{"embeddable":true,"href":"https:\/\/ucentral.org\/informativo\/index.php\/wp-json\/wp\/v2\/pages\/83"}],"wp:attachment":[{"href":"https:\/\/ucentral.org\/informativo\/index.php\/wp-json\/wp\/v2\/media?parent=1916"}],"curies":[{"name":"wp","href":"https:\/\/api.w.org\/{rel}","templated":true}]}}