{"id":6265,"date":"2026-02-22T18:54:07","date_gmt":"2026-02-22T23:54:07","guid":{"rendered":"https:\/\/ucentral.org\/informativo\/?page_id=6265"},"modified":"2026-02-26T14:40:56","modified_gmt":"2026-02-26T19:40:56","slug":"pagospp","status":"publish","type":"page","link":"https:\/\/ucentral.org\/informativo\/index.php\/posgrados\/pagospp\/","title":{"rendered":"Informaci\u00f3n de Pagos"},"content":{"rendered":"\n<figure class=\"wp-block-image size-full\"><img loading=\"lazy\" decoding=\"async\" width=\"589\" height=\"88\" src=\"https:\/\/ucentral.org\/informativo\/wp-content\/uploads\/2026\/02\/image.png\" alt=\"\" class=\"wp-image-6471\" srcset=\"https:\/\/ucentral.org\/informativo\/wp-content\/uploads\/2026\/02\/image.png 589w, https:\/\/ucentral.org\/informativo\/wp-content\/uploads\/2026\/02\/image-300x45.png 300w\" sizes=\"auto, (max-width: 589px) 100vw, 589px\" \/><\/figure>\n\n\n\n<p><strong>Bienvenido a la plataforma de pago<\/strong><\/p>\n\n\n\n<p class=\"has-vivid-cyan-blue-color has-text-color has-link-color has-medium-font-size wp-elements-b3a522dc1f6e0dcb23081a636b6b0aec\"><strong>Programas de Posgrado &#8211; Facultad de Ciencias<\/strong><\/p>\n\n\n\n<p>Para completar su inscripci\u00f3n al proceso de admisi\u00f3n, es indispensable realizar el <strong>pago del valor correspondiente<\/strong> y registrar posteriormente su informaci\u00f3n en el formulario habilitado para este fin, el cual permitir\u00e1 adem\u00e1s la <strong>emisi\u00f3n de la factura<\/strong>.<\/p>\n\n\n\n<p><strong><u>Valor de inscripci\u00f3n<\/u><\/strong><\/p>\n\n\n\n<p><strong>&nbsp;&nbsp;&nbsp;&nbsp;&nbsp;&nbsp;&nbsp; $ 92,36 USD <\/strong>incluido impuestos<\/p>\n\n\n\n<p>Es importante resaltar que este pago no es reembolsable y constituye un requisito indispensable para dar inicio al proceso de admisi\u00f3n.<\/p>\n\n\n\n<p><strong><u>Formas de pago:<\/u><\/strong><\/p>\n\n\n\n<ul class=\"wp-block-list\">\n<li class=\"has-vivid-cyan-blue-color has-text-color has-link-color has-medium-font-size wp-elements-ff8b85ef060c90cb07af4a99c6ec3f06\"><strong>Pago mediante transferencia bancaria<\/strong><\/li>\n<\/ul>\n\n\n\n<p>El valor debe ser transferido a la siguiente cuenta:<\/p>\n\n\n\n<ul class=\"wp-block-list\">\n<li><strong>Instituci\u00f3n bancaria:<\/strong> Banco Pac\u00edfico<\/li>\n\n\n\n<li><strong>Tipo de cuenta:<\/strong> Cuenta corriente<\/li>\n\n\n\n<li><strong>N\u00famero de cuenta:<\/strong> 7782187<\/li>\n\n\n\n<li><strong>Titular:<\/strong> EMPRESA P\u00daBLICA DE BIENES Y SERVICIOS UCE PROYECTOS EP<\/li>\n\n\n\n<li><strong>RUC:<\/strong> 1768187860001<\/li>\n\n\n\n<li><strong>Correo electr\u00f3nico institucional: <\/strong><a href=\"mailto:bienes.serviciosep@uce.edu.ec\">bienes.serviciosep@uce.edu.ec<\/a><\/li>\n<\/ul>\n\n\n\n<ul class=\"wp-block-list\">\n<li class=\"has-vivid-cyan-blue-color has-text-color has-link-color has-medium-font-size wp-elements-5270ce97acd95b73d4fa0d2b060eaebe\"><strong>Pago en l\u00ednea mediante PayPal<\/strong><\/li>\n<\/ul>\n\n\n\n<p>Puede realizar el pago a trav\u00e9s de la plataforma PayPal mediante el siguiente bot\u00f3n de pago:<\/p>\n\n\n\n<p><a href=\"https:\/\/www.paypal.com\/ncp\/payment\/BFF2D88EYRKSQ\">https:\/\/www.paypal.com\/ncp\/payment\/BFF2D88EYRKSQ<\/a><\/p>\n\n\n\n<p><strong>Nota:<\/strong> Tenga en cuenta que el valor final puede variar seg\u00fan las comisiones aplicadas por PayPal, el pa\u00eds de origen y la instituci\u00f3n bancaria del pagador<\/p>\n\n\n\n<ul class=\"wp-block-list\">\n<li class=\"has-vivid-cyan-blue-color has-text-color has-link-color has-medium-font-size wp-elements-744b774ae607538cd8a452bbe9fc0278\"><strong>Pago presencial<\/strong><\/li>\n<\/ul>\n\n\n\n<p>Tambi\u00e9n tiene la opci\u00f3n de realizar el pago de manera presencial en las dependencias de <strong>UCE PROYECTOS EP<\/strong>, en el siguiente horario:<\/p>\n\n\n\n<ul class=\"wp-block-list\">\n<li><strong>Horario de atenci\u00f3n: <\/strong>lunes a viernes, de <strong>08h00 a 16h30<\/strong><\/li>\n\n\n\n<li><strong>Direcci\u00f3n: <\/strong>Segundo piso del edificio de la Direcci\u00f3n de Investigaci\u00f3n, dentro de la Universidad Central del Ecuador, ubicado detr\u00e1s del Hospital del D\u00eda. Puede consultar la ubicaci\u00f3n exacta en el siguiente enlace: <a href=\"https:\/\/maps.app.goo.gl\/7jFNYrapDf6GdLCh9\">https:\/\/maps.app.goo.gl\/7jFNYrapDf6GdLCh9<\/a>.<\/li>\n\n\n\n<li><strong>Contacto: <\/strong>Mishell Sierra. <br><strong>Tel\u00e9fono: <\/strong>(+593) 99 672 8787, <br><strong>Correo electr\u00f3nico institucional:<\/strong> <a href=\"mailto:bienes.serviciosep@uce.edu.ec\">bienes.serviciosep@uce.edu.ec<\/a><\/li>\n<\/ul>\n\n\n\n<p class=\"has-vivid-cyan-blue-color has-text-color has-link-color has-medium-font-size wp-elements-ef641675646c0ae293a642293ef29e04\"><strong>Registro y facturaci\u00f3n<\/strong><\/p>\n\n\n\n<p>Una vez realizado el pago, le solicitamos amablemente enviar el comprobante correspondiente a trav\u00e9s de la plataforma de inscripciones en el siguiente enlace:\u00a0<a href=\"http:\/\/inscripcionposgrado.uce.edu.ec\">http:\/\/inscripcionposgrado.uce.edu.ec<\/a> <\/p>\n\n\n\n<figure class=\"wp-block-image size-large\"><img loading=\"lazy\" decoding=\"async\" width=\"768\" height=\"1024\" src=\"https:\/\/ucentral.org\/informativo\/wp-content\/uploads\/2025\/09\/Poster-Maestria-en-Estadistica-con-mencion-en-_Ciencia-de-Datos-e-Inteligencia-Artificial-01-comprimido-768x1024.png\" alt=\"\" class=\"wp-image-2349\" srcset=\"https:\/\/ucentral.org\/informativo\/wp-content\/uploads\/2025\/09\/Poster-Maestria-en-Estadistica-con-mencion-en-_Ciencia-de-Datos-e-Inteligencia-Artificial-01-comprimido-768x1024.png 768w, https:\/\/ucentral.org\/informativo\/wp-content\/uploads\/2025\/09\/Poster-Maestria-en-Estadistica-con-mencion-en-_Ciencia-de-Datos-e-Inteligencia-Artificial-01-comprimido-225x300.png 225w, https:\/\/ucentral.org\/informativo\/wp-content\/uploads\/2025\/09\/Poster-Maestria-en-Estadistica-con-mencion-en-_Ciencia-de-Datos-e-Inteligencia-Artificial-01-comprimido-1152x1536.png 1152w, https:\/\/ucentral.org\/informativo\/wp-content\/uploads\/2025\/09\/Poster-Maestria-en-Estadistica-con-mencion-en-_Ciencia-de-Datos-e-Inteligencia-Artificial-01-comprimido-1536x2048.png 1536w, https:\/\/ucentral.org\/informativo\/wp-content\/uploads\/2025\/09\/Poster-Maestria-en-Estadistica-con-mencion-en-_Ciencia-de-Datos-e-Inteligencia-Artificial-01-comprimido.png 1728w\" sizes=\"auto, (max-width: 768px) 100vw, 768px\" \/><\/figure>\n","protected":false},"excerpt":{"rendered":"<p>Bienvenido a la plataforma de pago Programas de Posgrado &#8211; Facultad de Ciencias Para completar su inscripci\u00f3n al proceso de admisi\u00f3n, es indispensable realizar el pago del valor correspondiente y registrar posteriormente su informaci\u00f3n en el formulario habilitado para este fin, el cual permitir\u00e1 adem\u00e1s la emisi\u00f3n de la factura. Valor de inscripci\u00f3n &nbsp;&nbsp;&nbsp;&nbsp;&nbsp;&nbsp;&nbsp; $ [&hellip;]<\/p>\n","protected":false},"author":2,"featured_media":0,"parent":1611,"menu_order":0,"comment_status":"closed","ping_status":"closed","template":"","meta":{"footnotes":""},"class_list":["post-6265","page","type-page","status-publish","hentry"],"_links":{"self":[{"href":"https:\/\/ucentral.org\/informativo\/index.php\/wp-json\/wp\/v2\/pages\/6265","targetHints":{"allow":["GET"]}}],"collection":[{"href":"https:\/\/ucentral.org\/informativo\/index.php\/wp-json\/wp\/v2\/pages"}],"about":[{"href":"https:\/\/ucentral.org\/informativo\/index.php\/wp-json\/wp\/v2\/types\/page"}],"author":[{"embeddable":true,"href":"https:\/\/ucentral.org\/informativo\/index.php\/wp-json\/wp\/v2\/users\/2"}],"replies":[{"embeddable":true,"href":"https:\/\/ucentral.org\/informativo\/index.php\/wp-json\/wp\/v2\/comments?post=6265"}],"version-history":[{"count":5,"href":"https:\/\/ucentral.org\/informativo\/index.php\/wp-json\/wp\/v2\/pages\/6265\/revisions"}],"predecessor-version":[{"id":6629,"href":"https:\/\/ucentral.org\/informativo\/index.php\/wp-json\/wp\/v2\/pages\/6265\/revisions\/6629"}],"up":[{"embeddable":true,"href":"https:\/\/ucentral.org\/informativo\/index.php\/wp-json\/wp\/v2\/pages\/1611"}],"wp:attachment":[{"href":"https:\/\/ucentral.org\/informativo\/index.php\/wp-json\/wp\/v2\/media?parent=6265"}],"curies":[{"name":"wp","href":"https:\/\/api.w.org\/{rel}","templated":true}]}}