{"id":6727,"date":"2026-04-18T16:54:36","date_gmt":"2026-04-18T21:54:36","guid":{"rendered":"https:\/\/ucentral.org\/informativo\/?page_id=6727"},"modified":"2026-04-18T16:55:26","modified_gmt":"2026-04-18T21:55:26","slug":"libros","status":"publish","type":"page","link":"https:\/\/ucentral.org\/informativo\/index.php\/facultad-de-ciencias\/libros\/","title":{"rendered":"Libros"},"content":{"rendered":"\n<p><strong>Libro en preparaci\u00f3n: Fundamentos de Matem\u00e1tica &#8211; Prof. Juan Mayorga Zambrano (PDF &#8211; desc\u00e1rgalo)<\/strong><\/p>\n\n\n\n<p>Desc\u00e1rgate gratis este excelente libro de Fundamentos de Matem\u00e1tica de nuestro Prof. Juan Mayorga Zambrano &#8211; Docente de Posgrados de la Facultad de Ciencias.<\/p>\n\n\n\n<div class=\"wp-block-buttons is-layout-flex wp-block-buttons-is-layout-flex\">\n<div class=\"wp-block-button is-style-fill\"><a class=\"wp-block-button__link has-text-align-center wp-element-button\" href=\"https:\/\/1drv.ms\/b\/c\/10724195dda4120c\/IQC6qPObHOJhSpCv66Fx8UU6AQ2163UxUU09YNV0TAxe5ZE?e=bS2RzB\" target=\"_blank\" rel=\"noreferrer noopener\">Descargar Libro Fundamentos de Matem\u00e1tica<\/a><\/div>\n<\/div>\n","protected":false},"excerpt":{"rendered":"<p>Libro en preparaci\u00f3n: Fundamentos de Matem\u00e1tica &#8211; Prof. Juan Mayorga Zambrano (PDF &#8211; desc\u00e1rgalo) Desc\u00e1rgate gratis este excelente libro de Fundamentos de Matem\u00e1tica de nuestro Prof. Juan Mayorga Zambrano &#8211; Docente de Posgrados de la Facultad de Ciencias.<\/p>\n","protected":false},"author":2,"featured_media":0,"parent":1216,"menu_order":0,"comment_status":"closed","ping_status":"closed","template":"","meta":{"footnotes":""},"class_list":["post-6727","page","type-page","status-publish","hentry"],"_links":{"self":[{"href":"https:\/\/ucentral.org\/informativo\/index.php\/wp-json\/wp\/v2\/pages\/6727","targetHints":{"allow":["GET"]}}],"collection":[{"href":"https:\/\/ucentral.org\/informativo\/index.php\/wp-json\/wp\/v2\/pages"}],"about":[{"href":"https:\/\/ucentral.org\/informativo\/index.php\/wp-json\/wp\/v2\/types\/page"}],"author":[{"embeddable":true,"href":"https:\/\/ucentral.org\/informativo\/index.php\/wp-json\/wp\/v2\/users\/2"}],"replies":[{"embeddable":true,"href":"https:\/\/ucentral.org\/informativo\/index.php\/wp-json\/wp\/v2\/comments?post=6727"}],"version-history":[{"count":1,"href":"https:\/\/ucentral.org\/informativo\/index.php\/wp-json\/wp\/v2\/pages\/6727\/revisions"}],"predecessor-version":[{"id":6728,"href":"https:\/\/ucentral.org\/informativo\/index.php\/wp-json\/wp\/v2\/pages\/6727\/revisions\/6728"}],"up":[{"embeddable":true,"href":"https:\/\/ucentral.org\/informativo\/index.php\/wp-json\/wp\/v2\/pages\/1216"}],"wp:attachment":[{"href":"https:\/\/ucentral.org\/informativo\/index.php\/wp-json\/wp\/v2\/media?parent=6727"}],"curies":[{"name":"wp","href":"https:\/\/api.w.org\/{rel}","templated":true}]}}