{"id":83,"date":"2020-02-03T16:14:13","date_gmt":"2020-02-03T21:14:13","guid":{"rendered":"https:\/\/ucentral.org\/informativo\/?page_id=83"},"modified":"2025-08-14T17:16:42","modified_gmt":"2025-08-14T22:16:42","slug":"c2","status":"publish","type":"page","link":"https:\/\/ucentral.org\/informativo\/index.php\/c2\/","title":{"rendered":"Ciencia Central"},"content":{"rendered":"\n<p>El grupo de Investigaci\u00f3n Ciencia Central te da la bienvenida. M\u00e1s informaci\u00f3n sobre nuestro grupo:<\/p>\n\n\n\n<p><strong>GRUPO DE INVESTIGACION:<\/strong>&nbsp;CIENCIA CENTRAL&nbsp;<br><strong>CODIGO:&nbsp;<\/strong>047-GI-DI-2024<br><strong>URL Web del Grupo:<\/strong>&nbsp;<a href=\"http:\/\/cienciacentral.com\/\">cienciacentral.com<\/a><\/p>\n\n\n\n<div>\n <style><!--\n  body {\n  font-family: Arial, sans-serif;\n  margin: 0;\n  background-color: #f9f9f9;\n  color: #333;\n  }\n  header {\n \/* background-color: #003366; Azul oscuro *\/\n  color: #003366;\n  padding: 30px;\n  text-align: center;\n  }\n  header h1 {\n  margin: 0;\n  font-size: 2em;\n  }\n  header p {\n  margin-top: 10px;\n  font-size: 1.2em;\n  }\n  section {\n  max-width: 1100px;\n  margin: auto;\n  padding: 20px;\n  }\n  h2 {\n  color: #057BB7;\n  border-bottom: 2px solid #057BB7;\n  padding-bottom: 5px;\n  }\n  .cards {\n  display: grid;\n  grid-template-columns: repeat(auto-fit, minmax(250px, 1fr));\n  gap: 20px;\n  }\n  .card {\n  background: white;\n  padding: 20px;\n  border-radius: 8px;\n  box-shadow: 0px 4px 8px rgba(0,0,0,0.1);\n  }\n  .card h3 {\n  margin-top: 0;\n  color: #800020;\n  }\n  footer {\n  background-color: #333;\n  color: white;\n  text-align: center;\n  padding: 15px;\n  margin-top: 30px;\n  }\n  --><\/style>\n<\/div>\n<header>\n <h1 style=\"color: #003366;\">Grupo de Investigaci&oacute;n: Ciencia Central<\/h1>\n <p>Facultad de Ciencias &mdash; Universidad Central del Ecuador<\/p>\n<\/header>\n<section>\n <h2>Descripci&oacute;n<\/h2>\n <p>El grupo de investigaci&oacute;n <strong>Ciencia Central<\/strong> es una iniciativa de la Facultad de Ciencias que fomenta la colaboraci&oacute;n interdisciplinaria entre docentes de diferentes facultades para generar conocimientos, innovaci&oacute;n y soluciones en &aacute;reas estrat&eacute;gicas para el desarrollo del pa&iacute;s.<\/p>\n<\/section>\n<section>\n <h2>L&iacute;neas de Investigaci&oacute;n<\/h2>\n <ul>\n  <li>Simulaci&oacute;n y modelamiento matem&aacute;tico<\/li>\n  <li>Uso de tecnolog&iacute;as de la informaci&oacute;n y la comunicaci&oacute;n<\/li>\n  <li>Desarrollo biotecnol&oacute;gico aplicado<\/li>\n  <li>Educaci&oacute;n aplicada y sistemas de gesti&oacute;n educativa<\/li>\n <\/ul>\n<\/section>\n\n\n\n<p class=\"has-vivid-cyan-blue-color has-text-color has-link-color wp-elements-ad1100ea5878a8371b9ec1650129072c\"><a href=\"https:\/\/ucentral.org\/informativo\/index.php\/c2\/integrantes\/\">> Integrantes<\/a><\/p>\n\n\n\n<p class=\"has-vivid-cyan-blue-color has-text-color has-link-color wp-elements-63cca8104889e260306c65c1086b9f61\"><a href=\"https:\/\/ucentral.org\/informativo\/index.php\/c2\/quienes-somos\/\">&gt; Quienes Somos<\/a><\/p>\n\n\n\n<p class=\"has-vivid-cyan-blue-color has-text-color has-link-color wp-elements-ecebd5a754ef03675a36cd1073a73c4b\"><a href=\"https:\/\/ucentral.org\/informativo\/index.php\/c2\/investigacion\/\">&gt; Investigaci\u00f3n<\/a><\/p>\n\n\n\n<p><\/p>\n","protected":false},"excerpt":{"rendered":"<p>El grupo de Investigaci\u00f3n Ciencia Central te da la bienvenida. M\u00e1s informaci\u00f3n sobre nuestro grupo: GRUPO DE INVESTIGACION:&nbsp;CIENCIA CENTRAL&nbsp;CODIGO:&nbsp;047-GI-DI-2024URL Web del Grupo:&nbsp;cienciacentral.com Grupo de Investigaci&oacute;n: Ciencia Central Facultad de Ciencias &mdash; Universidad Central del Ecuador Descripci&oacute;n El grupo de investigaci&oacute;n Ciencia Central es una iniciativa de la Facultad de Ciencias que fomenta la colaboraci&oacute;n interdisciplinaria [&hellip;]<\/p>\n","protected":false},"author":2,"featured_media":0,"parent":0,"menu_order":1,"comment_status":"closed","ping_status":"closed","template":"","meta":{"footnotes":""},"class_list":["post-83","page","type-page","status-publish","hentry"],"_links":{"self":[{"href":"https:\/\/ucentral.org\/informativo\/index.php\/wp-json\/wp\/v2\/pages\/83","targetHints":{"allow":["GET"]}}],"collection":[{"href":"https:\/\/ucentral.org\/informativo\/index.php\/wp-json\/wp\/v2\/pages"}],"about":[{"href":"https:\/\/ucentral.org\/informativo\/index.php\/wp-json\/wp\/v2\/types\/page"}],"author":[{"embeddable":true,"href":"https:\/\/ucentral.org\/informativo\/index.php\/wp-json\/wp\/v2\/users\/2"}],"replies":[{"embeddable":true,"href":"https:\/\/ucentral.org\/informativo\/index.php\/wp-json\/wp\/v2\/comments?post=83"}],"version-history":[{"count":17,"href":"https:\/\/ucentral.org\/informativo\/index.php\/wp-json\/wp\/v2\/pages\/83\/revisions"}],"predecessor-version":[{"id":2254,"href":"https:\/\/ucentral.org\/informativo\/index.php\/wp-json\/wp\/v2\/pages\/83\/revisions\/2254"}],"wp:attachment":[{"href":"https:\/\/ucentral.org\/informativo\/index.php\/wp-json\/wp\/v2\/media?parent=83"}],"curies":[{"name":"wp","href":"https:\/\/api.w.org\/{rel}","templated":true}]}}