{"id":87,"date":"2020-02-03T16:15:25","date_gmt":"2020-02-03T21:15:25","guid":{"rendered":"https:\/\/ucentral.org\/informativo\/?page_id=87"},"modified":"2025-08-14T10:39:18","modified_gmt":"2025-08-14T15:39:18","slug":"quienes-somos","status":"publish","type":"page","link":"https:\/\/ucentral.org\/informativo\/index.php\/c2\/quienes-somos\/","title":{"rendered":"Qui\u00e9nes somos"},"content":{"rendered":"\n<p><strong>GRUPO DE INVESTIGACION:<\/strong>\u00a0CIENCIA CENTRAL\u00a0<br><strong>CODIGO:\u00a0<\/strong>047-GI-DI-2024<br><strong>URL Web del Grupo:<\/strong>\u00a0<a href=\"http:\/\/cienciacentral.com\/\">cienciacentral.com<\/a><\/p>\n\n\n\n<p>Somos un grupo investigadores apasionados por la ciencia y la innovaci\u00f3n con soporte matem\u00e1tico.<\/p>\n\n\n\n<h2 class=\"wp-block-heading\">Misi\u00f3n<\/h2>\n\n\n\n<p class=\"has-text-align-left\">Encontrar soluci\u00f3n a los problemas que nos rodean<\/p>\n\n\n\n<h2 class=\"wp-block-heading\">Visi\u00f3n<\/h2>\n\n\n\n<p>Ser referente en investigaci\u00f3n, innovaci\u00f3n y desarrollo<\/p>\n\n\n\n<h2 class=\"wp-block-heading\">Documento de creaci\u00f3n<\/h2>\n\n\n\n<figure class=\"wp-block-gallery has-nested-images columns-default is-cropped wp-block-gallery-1 is-layout-flex wp-block-gallery-is-layout-flex\">\n<figure class=\"wp-block-image size-large\"><img loading=\"lazy\" decoding=\"async\" width=\"610\" height=\"779\" data-id=\"1071\" src=\"https:\/\/ucentral.org\/informativo\/wp-content\/uploads\/2024\/05\/CienciaCentralDocCreacion.png\" alt=\"\" class=\"wp-image-1071\" srcset=\"https:\/\/ucentral.org\/informativo\/wp-content\/uploads\/2024\/05\/CienciaCentralDocCreacion.png 610w, https:\/\/ucentral.org\/informativo\/wp-content\/uploads\/2024\/05\/CienciaCentralDocCreacion-235x300.png 235w\" sizes=\"auto, (max-width: 610px) 100vw, 610px\" \/><\/figure>\n<\/figure>\n\n\n\n<p><br><\/p>\n","protected":false},"excerpt":{"rendered":"<p>GRUPO DE INVESTIGACION:\u00a0CIENCIA CENTRAL\u00a0CODIGO:\u00a0047-GI-DI-2024URL Web del Grupo:\u00a0cienciacentral.com Somos un grupo investigadores apasionados por la ciencia y la innovaci\u00f3n con soporte matem\u00e1tico. Misi\u00f3n Encontrar soluci\u00f3n a los problemas que nos rodean Visi\u00f3n Ser referente en investigaci\u00f3n, innovaci\u00f3n y desarrollo Documento de creaci\u00f3n<\/p>\n","protected":false},"author":2,"featured_media":0,"parent":83,"menu_order":0,"comment_status":"closed","ping_status":"closed","template":"","meta":{"footnotes":""},"class_list":["post-87","page","type-page","status-publish","hentry"],"_links":{"self":[{"href":"https:\/\/ucentral.org\/informativo\/index.php\/wp-json\/wp\/v2\/pages\/87","targetHints":{"allow":["GET"]}}],"collection":[{"href":"https:\/\/ucentral.org\/informativo\/index.php\/wp-json\/wp\/v2\/pages"}],"about":[{"href":"https:\/\/ucentral.org\/informativo\/index.php\/wp-json\/wp\/v2\/types\/page"}],"author":[{"embeddable":true,"href":"https:\/\/ucentral.org\/informativo\/index.php\/wp-json\/wp\/v2\/users\/2"}],"replies":[{"embeddable":true,"href":"https:\/\/ucentral.org\/informativo\/index.php\/wp-json\/wp\/v2\/comments?post=87"}],"version-history":[{"count":10,"href":"https:\/\/ucentral.org\/informativo\/index.php\/wp-json\/wp\/v2\/pages\/87\/revisions"}],"predecessor-version":[{"id":2243,"href":"https:\/\/ucentral.org\/informativo\/index.php\/wp-json\/wp\/v2\/pages\/87\/revisions\/2243"}],"up":[{"embeddable":true,"href":"https:\/\/ucentral.org\/informativo\/index.php\/wp-json\/wp\/v2\/pages\/83"}],"wp:attachment":[{"href":"https:\/\/ucentral.org\/informativo\/index.php\/wp-json\/wp\/v2\/media?parent=87"}],"curies":[{"name":"wp","href":"https:\/\/api.w.org\/{rel}","templated":true}]}}